{"id":6,"date":"2014-07-15T16:52:19","date_gmt":"2014-07-15T16:52:19","guid":{"rendered":"http:\/\/cformacion.diocesisdesantander.com\/?page_id=6"},"modified":"2024-09-05T08:01:52","modified_gmt":"2024-09-05T08:01:52","slug":"quienes-somos","status":"publish","type":"page","link":"https:\/\/cformacion.diocesisdesantander.com\/?page_id=6","title":{"rendered":"\u00bfQuienes somos?"},"content":{"rendered":"<p><strong>El Centro Diocesano de Formaci\u00f3n Teol\u00f3gica y Pastoral es:<\/strong><\/p>\n<p style=\"text-align: justify;\">Una entidad educativa que se sit\u00faa dentro de la misi\u00f3n evangelizadora y formativa de nuestra Iglesia diocesana, cuyas claves son llevar a cabo:<\/p>\n<ul style=\"text-align: justify;\">\n<li>Una formaci\u00f3n integral.<\/li>\n<li>Una formaci\u00f3n permanente.<\/li>\n<li>Una formaci\u00f3n abierta: sin barreras de edad y sin barreras de lugar.<\/li>\n<li>Una formaci\u00f3n que busque el di\u00e1logo con la cultura desde una fe m\u00e1s razonada y vivida.<\/li>\n<\/ul>\n<p style=\"text-align: justify;\"><img loading=\"lazy\" decoding=\"async\" class=\"aligncenter wp-image-124 \" src=\"http:\/\/cformacion.diocesisdesantander.com\/wp-content\/uploads\/2014\/07\/centro-1024x547.jpg\" alt=\"centro\" width=\"455\" height=\"219\" \/><\/p>\n<p style=\"text-align: justify;\">Deseamos apoyar la profundizaci\u00f3n de tu fe, tu amor a la Iglesia, tu compromiso con la transformaci\u00f3n de tu medio seg\u00fan los valores del Evangelio, tu acci\u00f3n pastoral, tu vivencia comunitaria.<\/p>\n<p style=\"text-align: justify;\">Nuestro Centro quiere hacer este servicio de apoyo a la formaci\u00f3n. Convencidos de que el crecimiento en la fe es un don de Dios, pero tambi\u00e9n es una responsabilidad personal.<\/p>\n<p style=\"text-align: center;\"><span style=\"font-size: x-large;\"><strong>Planes de Formaci\u00f3n y oferta educativa<\/strong><\/span><\/p>\n<h4 style=\"text-align: center;\"><a href=\"http:\/\/cformacion.diocesisdesantander.com\/wp-content\/uploads\/2014\/08\/logoSanDamaso.png\"><img loading=\"lazy\" decoding=\"async\" class=\" wp-image-118 alignright\" src=\"http:\/\/cformacion.diocesisdesantander.com\/wp-content\/uploads\/2014\/08\/logoSanDamaso-300x126.png\" alt=\"logoSanDamaso\" width=\"229\" height=\"96\" srcset=\"https:\/\/cformacion.diocesisdesantander.com\/wp-content\/uploads\/2014\/08\/logoSanDamaso-300x126.png 300w, https:\/\/cformacion.diocesisdesantander.com\/wp-content\/uploads\/2014\/08\/logoSanDamaso-250x105.png 250w, https:\/\/cformacion.diocesisdesantander.com\/wp-content\/uploads\/2014\/08\/logoSanDamaso-150x63.png 150w, https:\/\/cformacion.diocesisdesantander.com\/wp-content\/uploads\/2014\/08\/logoSanDamaso.png 357w\" sizes=\"(max-width: 229px) 100vw, 229px\" \/><\/a><\/h4>\n<p style=\"text-align: right;\"><span style=\"color: #ff0000;\"><strong>A trav\u00e9s de la Secci\u00f3n a distancia del Instituto Superior de CCRR San D\u00e1maso \u2013 Extensi\u00f3n de Santander<\/strong><\/span><\/p>\n<ol>\n<li>Bachillerato, Grado y Licenciatura en CIENCIAS RELIGIOSAS adaptado al plan Bolonia, con reconocimiento a efectos civiles.<\/li>\n<\/ol>\n<ul>\n<li style=\"text-align: justify;\">Tiene como finalidad espec\u00edfica favorecer la profundizaci\u00f3n en la vivencia de la fe, y proporcionar una formaci\u00f3n teol\u00f3gica de rango y nivel universitario a aquellos cristianos laicos, religiosos, religiosas y candidatos al diaconado permanente, llamados a desempe\u00f1ar diversos oficios y responsabilidades en la misi\u00f3n pastoral de la Iglesia.<\/li>\n<li style=\"text-align: justify;\">Plan de acceso a la universidad para mayores de 25 a\u00f1os<img loading=\"lazy\" decoding=\"async\" class=\"alignright wp-image-117\" src=\"http:\/\/cformacion.diocesisdesantander.com\/wp-content\/uploads\/2014\/08\/IITDSlogoColor200x144.png\" alt=\"IITDSlogoColor200x144\" width=\"136\" height=\"98\" srcset=\"https:\/\/cformacion.diocesisdesantander.com\/wp-content\/uploads\/2014\/08\/IITDSlogoColor200x144.png 200w, https:\/\/cformacion.diocesisdesantander.com\/wp-content\/uploads\/2014\/08\/IITDSlogoColor200x144-150x108.png 150w\" sizes=\"(max-width: 136px) 100vw, 136px\" \/><\/li>\n<\/ul>\n<p style=\"text-align: right;\"><span style=\"color: #ff0000;\"><strong>A trav\u00e9s de nuestro Centro Asociado del<\/strong> <strong> Instituto Internacional de Teolog\u00eda a Distancia<\/strong><\/span><\/p>\n<ol start=\"2\">\n<li style=\"text-align: justify;\">Curso de la Declaraci\u00f3n Eclesi\u00e1stica de Competencia Acad\u00e9mica (DECA) para impartir la Ense\u00f1anza Religiosa Escolar.<\/li>\n<\/ol>\n<ul style=\"text-align: justify;\">\n<li>Capacita a los profesores de religi\u00f3n cat\u00f3lica de manera cualificada<\/li>\n<\/ul>\n<ol style=\"text-align: justify;\" start=\"3\">\n<li>Cursos de Formaci\u00f3n para Laicos<\/li>\n<\/ol>\n<ul>\n<li style=\"text-align: justify;\">Concebidos, estructurados y programados para proporcionar una formaci\u00f3n teol\u00f3gica permanente, abierta y actual, para todos aquellos que se sienten llamados a profundizar en la fe;<\/li>\n<li style=\"text-align: justify;\">y tambi\u00e9n para quienes deseen capacitarse en la realizaci\u00f3n de las distintas tareas pastorales, dentro de la misi\u00f3n evangelizadora de la Iglesia.<\/li>\n<\/ul>\n<p style=\"text-align: center;\"><strong><em>Metodolog\u00eda educativa<\/em><\/strong><\/p>\n<p style=\"text-align: center;\"><img loading=\"lazy\" decoding=\"async\" class=\"aligncenter wp-image-134\" src=\"http:\/\/cformacion.diocesisdesantander.com\/wp-content\/uploads\/2014\/07\/librillos-1024x454.jpg\" alt=\"librillos\" width=\"486\" height=\"211\" \/><\/p>\n<ul>\n<li style=\"text-align: justify;\">Centramos\u00a0nuestro quehacer en el servicio a la persona, promoviendo una formaci\u00f3n personalizada, integral y arm\u00f3nica, inspirada en los valores evang\u00e9licos.<\/li>\n<li style=\"text-align: justify;\">Se conjuga la formaci\u00f3n a distancia con la formaci\u00f3n personalizada para as\u00ed facilitar la conciliaci\u00f3n de las ocupaciones habituales con el rigor de una formaci\u00f3n de calidad a cargo de profesores cualificados.<\/li>\n<li style=\"text-align: justify;\">Impartimos, por tanto, una formaci\u00f3n a trav\u00e9s de la modalidad a distancia y presencial contribuyendo as\u00ed a extender la igualdad de oportunidades, en orden a una formaci\u00f3n integral y permanente.<\/li>\n<li style=\"text-align: justify;\">Nuestro proyecto educativo est\u00e1 en continua renovaci\u00f3n a trav\u00e9s de una evaluaci\u00f3n constante, abierta a la creatividad, centrada especialmente en la calidad de todo el proceso de trabajo y en la formaci\u00f3n permanente de todos sus miembros.<\/li>\n<\/ul>\n<p><img loading=\"lazy\" decoding=\"async\" class=\"aligncenter wp-image-549\" src=\"http:\/\/cformacion.diocesisdesantander.com\/wp-content\/uploads\/2015\/05\/IMG_2747-300x200.jpg\" alt=\"IMG_2747\" width=\"380\" height=\"253\" srcset=\"https:\/\/cformacion.diocesisdesantander.com\/wp-content\/uploads\/2015\/05\/IMG_2747-300x200.jpg 300w, https:\/\/cformacion.diocesisdesantander.com\/wp-content\/uploads\/2015\/05\/IMG_2747.jpg 1024w, https:\/\/cformacion.diocesisdesantander.com\/wp-content\/uploads\/2015\/05\/IMG_2747-225x150.jpg 225w, https:\/\/cformacion.diocesisdesantander.com\/wp-content\/uploads\/2015\/05\/IMG_2747-150x100.jpg 150w\" sizes=\"(max-width: 380px) 100vw, 380px\" \/><\/p>\n<p style=\"text-align: center;\"><span style=\"text-decoration: underline;\"><strong>Otras actividades formativas<\/strong><\/span><\/p>\n<p style=\"text-align: left;\"><span style=\"color: #ff0000;\"><strong>A trav\u00e9s de la Escuela Diocesana de Formaci\u00f3n en Doctrina Social de la Iglesia<\/strong><\/span><\/p>\n<ul>\n<li style=\"text-align: justify;\">En la actualidad, se continua realizando el curso \u201cLa Doctrina Social de la Iglesia: Un humanismo integral y solidario\u201d, que se lleva a cabo en peque\u00f1os grupos en las parroquias y comunidades cristianas. En en esta p\u00e1gina web est\u00e1n colgados los materiales y fichas de trabajo empleados en el mismo<\/li>\n<\/ul>\n<table style=\"height: 28px;\" width=\"736\">\n<tbody>\n<tr>\n<td width=\"510\"><span style=\"color: #ff0000;\"><strong>A trav\u00e9s del Centro Diocesano de Espiritualidad<span style=\"color: #ff0000;\"> &#8211; Espacio Sicar<\/span><br \/>\n<\/strong><\/span><\/td>\n<\/tr>\n<tr>\n<td width=\"510\">Est\u00e1 integrado en el Centro Diocesano de Formaci\u00f3n Teol\u00f3gica y Pastoral. Ofrece unos medios para la vivencia, crecimiento y formaci\u00f3n en la vida espiritual. Cada a\u00f1o se proponen distintos encuentros, recursos, medios y un espacio de acogida, escucha y acompa\u00f1amiento personal.<\/td>\n<\/tr>\n<\/tbody>\n<\/table>\n<p><span style=\"color: #ff0000;\"><strong>Jornadas Diocesanas de Formaci\u00f3n Pastoral 2024<\/strong><\/span><\/p>\n<ul>\n<li style=\"text-align: justify;\">Del 23 al 26 de septiembre se celebraron en el Seminario de Corb\u00e1n las XX Jornadas Diocesanas de Formaci\u00f3n Pastoral: \u201cSer testigos de ESPERANZA\u201d.<\/li>\n<\/ul>\n<p>Puede encontrar m\u00e1s informaci\u00f3n sobre las distintas propuestas formativas en nuestra p\u00e1gina web.<\/p>\n<p style=\"text-align: center;\"><span style=\"color: #ff0000;\"><strong>Si lo desea, aqu\u00ed puede consultar tambi\u00e9n nuestro ideario y d\u00edptico general de actividades:<\/strong><\/span><\/p>\n<p style=\"text-align: center;\"><strong><a href=\"http:\/\/cformacion.diocesisdesantander.com\/wp-content\/uploads\/2014\/07\/PRESENTACI\u00d3N-GENERAL-DEL-CENTRO-PDF.pdf\" target=\"_blank\" rel=\"noopener\">IDEARIO<\/a><\/strong><\/p>\n<p style=\"text-align: center;\"><a href=\"http:\/\/cformacion.diocesisdesantander.com\/wp-content\/uploads\/2024\/09\/DIPTICO-INFORMACION-GENERAL-CENTRO-DIOCESANO-DE-FORMACION-TEOLOGICA-Y-PASTORAL.pdf\" target=\"_blank\" rel=\"noopener\"><strong>D\u00cdPTICO DEL CENTRO<\/strong><\/a><\/p>\n","protected":false},"excerpt":{"rendered":"<p>El Centro Diocesano de Formaci\u00f3n Teol\u00f3gica y Pastoral es: Una entidad educativa que se sit\u00faa dentro de la misi\u00f3n evangelizadora y formativa de nuestra Iglesia diocesana, cuyas claves son llevar a cabo: Una formaci\u00f3n integral. Una formaci\u00f3n permanente. Una formaci\u00f3n abierta: sin barreras de edad y sin barreras de lugar.\u2026<\/p>\n<p class=\"continue-reading-button\"> <a class=\"continue-reading-link\" href=\"https:\/\/cformacion.diocesisdesantander.com\/?page_id=6\">Seguir leyendo<i class=\"crycon-right-dir\"><\/i><\/a><\/p>\n","protected":false},"author":1,"featured_media":0,"parent":0,"menu_order":0,"comment_status":"open","ping_status":"open","template":"","meta":{"footnotes":""},"_links":{"self":[{"href":"https:\/\/cformacion.diocesisdesantander.com\/index.php?rest_route=\/wp\/v2\/pages\/6"}],"collection":[{"href":"https:\/\/cformacion.diocesisdesantander.com\/index.php?rest_route=\/wp\/v2\/pages"}],"about":[{"href":"https:\/\/cformacion.diocesisdesantander.com\/index.php?rest_route=\/wp\/v2\/types\/page"}],"author":[{"embeddable":true,"href":"https:\/\/cformacion.diocesisdesantander.com\/index.php?rest_route=\/wp\/v2\/users\/1"}],"replies":[{"embeddable":true,"href":"https:\/\/cformacion.diocesisdesantander.com\/index.php?rest_route=%2Fwp%2Fv2%2Fcomments&post=6"}],"version-history":[{"count":36,"href":"https:\/\/cformacion.diocesisdesantander.com\/index.php?rest_route=\/wp\/v2\/pages\/6\/revisions"}],"predecessor-version":[{"id":4601,"href":"https:\/\/cformacion.diocesisdesantander.com\/index.php?rest_route=\/wp\/v2\/pages\/6\/revisions\/4601"}],"wp:attachment":[{"href":"https:\/\/cformacion.diocesisdesantander.com\/index.php?rest_route=%2Fwp%2Fv2%2Fmedia&parent=6"}],"curies":[{"name":"wp","href":"https:\/\/api.w.org\/{rel}","templated":true}]}}