{"id":4200,"date":"2022-03-17T10:41:07","date_gmt":"2022-03-17T10:41:07","guid":{"rendered":"http:\/\/cformacion.diocesisdesantander.com\/?page_id=4200"},"modified":"2022-03-17T12:09:07","modified_gmt":"2022-03-17T12:09:07","slug":"iitd-planes-de-formacion","status":"publish","type":"page","link":"https:\/\/cformacion.diocesisdesantander.com\/?page_id=4200","title":{"rendered":"IITD-Planes de Formaci\u00f3n"},"content":{"rendered":"<h1 style=\"text-align: center;\"><strong><span style=\"color: #000000;\">CENTRO ASOCIADO DE SANTANDER<\/span><\/strong><\/h1>\n<h3 style=\"text-align: center;\"><strong><span style=\"color: #000000;\">INSTITUTO INTERNACIONAL DE TEOLOG\u00cdA A DISTANCIA<\/span><\/strong><\/h3>\n<h2 class=\"pb-3 mb-4 font-italic border-bottom\"><strong><span style=\"color: #ff0000;\">* Formaci\u00f3n Sistem\u00e1tica<\/span><\/strong><\/h2>\n<h5>Dirigido a todos los miembros del Pueblo de Dios que se sientan llamados a <strong>profundizar en la fe y la Doctrina de la Iglesia Cat\u00f3lica<\/strong> y a quienes deseen capacitarse para la realizaci\u00f3n de las distintas tareas pastorales dentro de la misi\u00f3n evangelizadora de la Iglesia.<\/h5>\n<h5>\u00bfQUE PERSIGUE?<\/h5>\n<ul>\n<li>\n<h5><strong>Lograr <\/strong>una s\u00edntesis personal de los fundamentos de la fe y de la doctrina de la Iglesia Cat\u00f3lica y profundizar en ellos mediante un trabajo interdisciplinar.<\/h5>\n<\/li>\n<li>\n<h5><strong>Desarrollar <\/strong>el h\u00e1bito reflexivo, cr\u00edtico e investigador, para aprender a discernir el sentido de los procesos hist\u00f3ricos y los valores encerrados en los distintos modelos de sociedad que confluyen en la actualidad.<\/h5>\n<\/li>\n<li>\n<h5><strong>Integrar <\/strong>el saber, el saber hacer y el saber ser, para facilitar una formaci\u00f3n integral de la persona.<\/h5>\n<\/li>\n<li>\n<h5><strong>Capacitar <\/strong>para el desempe\u00f1o de las distintas tareas pastorales en las comunidades eclesiales y promover la presencia activa en la sociedad a trav\u00e9s del di\u00e1logo fe-cultura-vida.<\/h5>\n<\/li>\n<li>\n<h5><strong>Posibilitar <\/strong>la igualdad de oportunidades entre los miembros del Pueblo de Dios facilitando que puedan ser compatibles las tareas profesionales, los deberes familiares y la acci\u00f3n pastoral con la formaci\u00f3n.<\/h5>\n<\/li>\n<li>\n<h5><strong>Formar <\/strong>para ejercer con libertad y responsabilidad el testimonio cristiano en los diferentes \u00e1mbitos sociales.<\/h5>\n<\/li>\n<\/ul>\n<h2><strong><span style=\"color: #ff0000;\">* Programa de contenidos<\/span><\/strong><\/h2>\n<h5>El plan de Formaci\u00f3n Sistem\u00e1tica se estructura en dos partes:<\/h5>\n<ul>\n<li>\n<h5><strong>Tronco Com\u00fan (\u00c1rea Teol\u00f3gica)<\/strong><\/h5>\n<\/li>\n<li>\n<h5><strong>Especialidades<\/strong><\/h5>\n<\/li>\n<\/ul>\n<h3><strong>1. Tronco Com\u00fan<\/strong><\/h3>\n<h4><a href=\"http:\/\/www.iitdistancia.org\/Areas\/Admin\/Content\/documentscontenidos\/14062019132708_RevelacionFe.pdf\" target=\"_blank\" rel=\"noopener\"><strong>Revelaci\u00f3n y Fe &#8211; Mensaje Cristiano I<\/strong><\/a><br \/>\n<a href=\"http:\/\/www.iitdistancia.org\/Areas\/Admin\/Content\/documentscontenidos\/14062019133923_BibliaJesucristo.pdf\" target=\"_blank\" rel=\"noopener\"><strong>Biblia y Jesucristo &#8211; Mensaje Cristiano II<\/strong><\/a><br \/>\n<a href=\"http:\/\/www.iitdistancia.org\/Areas\/Admin\/Content\/documentscontenidos\/14062019133923_BibliaJesucristo.pdf\" target=\"_blank\" rel=\"noopener\"><strong>Iglesia y Sacramentos &#8211; Mensaje Cristiano III<\/strong><\/a><br \/>\n<a href=\"http:\/\/www.iitdistancia.org\/Areas\/Admin\/Content\/documentscontenidos\/14062019134850_MoralCristiana.pdf\" target=\"_blank\" rel=\"noopener\"><strong>Moral cristiana &#8211; Mensaje Cristiano IV<\/strong><\/a><\/h4>\n<h5>Partiendo del estudio de los contenidos del Tronco Com\u00fan, que tiene su base en el Catecismo de la Iglesia, se contin\u00faa con las asignaturas propias de la especialidad escogida.<\/h5>\n<hr \/>\n<h3><strong>2. Especialidades<\/strong><\/h3>\n<ul>\n<li>\n<h5><strong>Antropolog\u00eda<\/strong><\/h5>\n<h5><a href=\"http:\/\/www.iitdistancia.org\/Areas\/Admin\/Content\/documentscontenidos\/17062019124516_IniciaAntropFilosofica.pdf\" target=\"_blank\" rel=\"noopener\"><strong>Iniciaci\u00f3n a la Antropolog\u00eda filos\u00f3fica<\/strong><\/a><\/h5>\n<h5><strong><a href=\"http:\/\/www.iitdistancia.org\/Areas\/Admin\/Content\/documentscontenidos\/17062019130948_LaPersonalidad.pdf\" target=\"_blank\" rel=\"noopener\">La personalidad<\/a><\/strong><\/h5>\n<h5><strong><a href=\"http:\/\/www.iitdistancia.org\/Areas\/Admin\/Content\/documentscontenidos\/17062019131711_ElGrupoSocial.pdf\" target=\"_blank\" rel=\"noopener\">El grupo social<\/a><\/strong><\/h5>\n<h5><strong><a href=\"http:\/\/www.iitdistancia.org\/Areas\/Admin\/Content\/documentscontenidos\/17062019132428_LaExperienciaReligiosa.pdf\" target=\"_blank\" rel=\"noopener\">La experiencia religiosa<\/a><\/strong><\/h5>\n<\/li>\n<\/ul>\n<ul>\n<li>\n<h5><strong>Liturgia<\/strong><\/h5>\n<h5><a href=\"http:\/\/www.iitdistancia.org\/Areas\/Admin\/Content\/documentscontenidos\/17062019133251_ElementosGrlesLiturgia.pdf\" target=\"_blank\" rel=\"noopener\"><strong>Elementos generales de la Liturgia<\/strong><\/a><\/h5>\n<h5><strong><a href=\"http:\/\/www.iitdistancia.org\/Areas\/Admin\/Content\/documentscontenidos\/17062019134257_ElAnoLiturgico.pdf\" target=\"_blank\" rel=\"noopener\">El a\u00f1o lit\u00fargico<\/a><\/strong><\/h5>\n<h5><strong><a href=\"http:\/\/www.iitdistancia.org\/Areas\/Admin\/Content\/documentscontenidos\/17062019135030_LaLiturgiaHoras.pdf\" target=\"_blank\" rel=\"noopener\">La Liturgia de las Horas<\/a><\/strong><\/h5>\n<\/li>\n<li>\n<h5><strong>Misionolog\u00eda<\/strong><\/h5>\n<h5><a href=\"http:\/\/www.iitdistancia.org\/Areas\/Admin\/Content\/documentscontenidos\/17062019140029_FigurasMision.pdf\" target=\"_blank\" rel=\"noopener\"><strong>Figuras de la misi\u00f3n<\/strong><\/a><\/h5>\n<h5><strong><a href=\"http:\/\/www.iitdistancia.org\/Areas\/Admin\/Content\/documentscontenidos\/18062019105152_TeologiaMisionIglesia.pdf\" target=\"_blank\" rel=\"noopener\">Teolog\u00eda de la misi\u00f3n de la Iglesia<\/a><\/strong><\/h5>\n<h5><strong><a href=\"http:\/\/www.iitdistancia.org\/Areas\/Admin\/Content\/documentscontenidos\/18062019110004_CorresponsablesMision.pdf\" target=\"_blank\" rel=\"noopener\">Corresponsables de la misi\u00f3n<\/a><\/strong><\/h5>\n<\/li>\n<li>\n<h5><strong>Pastoral catequ\u00e9tica<\/strong><\/h5>\n<h5><a href=\"http:\/\/www.iitdistancia.org\/Areas\/Admin\/Content\/documentscontenidos\/18062019110929_CatequeticaFtal.pdf\" target=\"_blank\" rel=\"noopener\"><strong>Catequ\u00e9tica fundamental<\/strong><\/a><\/h5>\n<h5><strong><a href=\"http:\/\/www.iitdistancia.org\/Areas\/Admin\/Content\/documentscontenidos\/18062019114409_PedagogiaCatq.pdf\" target=\"_blank\" rel=\"noopener\">Pedagog\u00eda catequ\u00e9tica y comunicaci\u00f3n<\/a><\/strong><\/h5>\n<h5><strong><a href=\"http:\/\/www.iitdistancia.org\/Areas\/Admin\/Content\/documentscontenidos\/18062019115252_ProgramacionCateq.pdf\" target=\"_blank\" rel=\"noopener\">Programaci\u00f3n catequ\u00e9tica<\/a><\/strong><\/h5>\n<h5><strong><a href=\"http:\/\/www.iitdistancia.org\/Areas\/Admin\/Content\/documentscontenidos\/19062019100546_CatequeticaDiferenc.pdf\" target=\"_blank\" rel=\"noopener\">Catequ\u00e9tica diferenciada<\/a><\/strong><\/h5>\n<\/li>\n<li>\n<h5><strong>Vida Consagrada<\/strong><\/h5>\n<h5><a href=\"http:\/\/www.iitdistancia.org\/Areas\/Admin\/Content\/documentscontenidos\/19062019101232_FormasHistVC.pdf\" target=\"_blank\" rel=\"noopener\"><strong>Formas hist\u00f3ricas de la vida consagrada<\/strong><\/a><\/h5>\n<h5><strong><a href=\"http:\/\/www.iitdistancia.org\/Areas\/Admin\/Content\/documentscontenidos\/19062019103537_FundamentosTeolVC.pdf\" target=\"_blank\" rel=\"noopener\">Fundamentos teol\u00f3gicos de la vida consagrada<\/a><\/strong><\/h5>\n<h5><strong><a href=\"http:\/\/www.iitdistancia.org\/Areas\/Admin\/Content\/documentscontenidos\/19062019105407_IdentidadMisionVC.pdf\" target=\"_blank\" rel=\"noopener\">Identidad y misi\u00f3n de la vida consagrada<\/a><\/strong><\/h5>\n<h5><strong><a href=\"http:\/\/www.iitdistancia.org\/Areas\/Admin\/Content\/documentscontenidos\/19062019110049_IniciacionLecDiv.pdf\" target=\"_blank\" rel=\"noopener\">Iniciaci\u00f3n a la Lectio Divina<\/a><\/strong><\/h5>\n<\/li>\n<\/ul>\n<h2 class=\"blog-post-title\"><strong><span style=\"color: #ff0000;\">* Seguimiento pedag\u00f3gico<\/span><\/strong><\/h2>\n<h5>El curso se imparte con la metodolog\u00eda a distancia propia del IITD en la que busca siempre integrar los tres lenguajes: cabeza (saber), coraz\u00f3n (saber ser) y manos (saber hacer).<\/h5>\n<h5>Al hacer su inscripci\u00f3n, el alumno recibe los libros de texto correspondientes y las pruebas de evaluaci\u00f3n a distancia, que una vez completadas, despu\u00e9s de un estudio pausado,\u00a0enviar\u00e1 al centro para que el tutor las corrija y califique. En ellas, el alumno pondr\u00e1 de manifiesto la comprensi\u00f3n y asimilaci\u00f3n que ha hecho de los contenidos estudiados, as\u00ed como el desarrollo de otras capacidades: b\u00fasqueda, reflexi\u00f3n, an\u00e1lisis, s\u00edntesis, sistematizaci\u00f3n, etc.<\/h5>\n<h5>Es posible cursar las asignaturas del Tronco Com\u00fan en modalidad on line, a trav\u00e9s de la Plataforma Edinet, realizando en ella los trabajos que el tutor ha dispuesto y que sustituyen a la prueba escrita.<\/h5>\n<h5>El seguimiento pedag\u00f3gico se realiza a trav\u00e9s de los siguientes recursos did\u00e1cticos:<\/h5>\n<h5><a href=\"http:\/\/www.iitdistancia.org\/Areas\/Admin\/Content\/documentscontenidos\/15072019114945_1_recursos_distancia_FS.pdf\" target=\"_blank\" rel=\"noopener\"><strong>1. Recursos D<\/strong><strong>id\u00e1cticos a Distancia<\/strong><\/a><\/h5>\n<h5>\u00a0<a href=\"http:\/\/www.iitdistancia.org\/Areas\/Admin\/Content\/documentscontenidos\/15072019122918_2_recursos_presencial_FS.pdf\" target=\"_blank\" rel=\"noopener\"><strong>2. R<\/strong><strong>ecursos Did\u00e1cticos Presenciales<\/strong><\/a><\/h5>\n<h2>\u00a0<strong><span style=\"color: #ff0000;\">* Duraci\u00f3n y precio del curso<\/span><\/strong><\/h2>\n<h5>Es aconsejable que el estudio se haga por asignatura, y el tiempo estimado, para un ritmo lento, es de 4 meses por asignatura.<\/h5>\n<h5><strong>Precio<\/strong><\/h5>\n<h5>Precio matr\u00edcula (por asignatura): 36 \u20ac<br \/>\nPrecio texto: 23 \u20ac<br \/>\nTasas secretar\u00eda (1\u00aa matr\u00edcula): 15 \u20ac<br \/>\nGastos de env\u00edo: 14 \u20ac<\/h5>\n<h2 class=\"blog-post-title\"><strong><span style=\"color: #ff0000;\">* Titulaci\u00f3n<\/span><\/strong><\/h2>\n<h5>Los alumnos que cursen \u00edntegramente este Plan (Tronco Com\u00fan + Especialidad) recibir\u00e1n un certificado acreditativo de los estudios realizados, expedido por el Instituto Internacional de Teolog\u00eda a Distancia, en el que constar\u00e1 la condici\u00f3n de Centro Colaborador de la Facultad de Teolog\u00eda de la Universidad Pontificia Comillas (UPCo).<\/h5>\n<h5>A petici\u00f3n del alumno, y seg\u00fan las condiciones acad\u00e9micas y administrativas estipuladas, la Universidad Pontificia de Comillas (UPCO) expedir\u00e1 Diploma del curso realizado.<\/h5>\n<h2 class=\"blog-post-title\"><strong><span style=\"color: #ff0000;\">* Matr\u00edcula: normativa<\/span><\/strong><\/h2>\n<ul>\n<li>\n<h5>El per\u00edodo de matriculaci\u00f3n est\u00e1 abierto durante todo el a\u00f1o.<\/h5>\n<\/li>\n<li>\n<h5>Los documentos a presentar son fotocopia DNI o pasaporte y dos fotograf\u00edas tama\u00f1o carnet.<\/h5>\n<\/li>\n<li>\n<h5>Una vez comprobado que la documentaci\u00f3n presentada est\u00e1 en regla, el alumno quedar\u00e1 definitivamente matriculado.<\/h5>\n<\/li>\n<li>\n<h5>La matr\u00edcula es personal e intransferible.<\/h5>\n<\/li>\n<\/ul>\n<h2 class=\"blog-post-title\"><strong><span style=\"color: #ff0000;\">* Contacto<\/span><\/strong><\/h2>\n<h5><strong>Nuestro HORARIO de ATENCI\u00d3N AL P\u00daBLICO es de: <\/strong><\/h5>\n<h5><strong>10h a 13,30h, y de 16.30h a 20.00h. <\/strong><strong>(<\/strong><strong>en Agosto: \u00fanicamente ma\u00f1anas)<\/strong><\/h5>\n<h5>Tel\u00e9fonos: 942 237 467 \u2013 682 845 588<\/h5>\n<h5>Fax: 942 238 979<\/h5>\n<h5>Correo electr\u00f3nico:\u00a0 CDFTP.santander@gmail.com<\/h5>\n<p>&nbsp;<\/p>\n","protected":false},"excerpt":{"rendered":"<p>CENTRO ASOCIADO DE SANTANDER INSTITUTO INTERNACIONAL DE TEOLOG\u00cdA A DISTANCIA * Formaci\u00f3n Sistem\u00e1tica Dirigido a todos los miembros del Pueblo de Dios que se sientan llamados a profundizar en la fe y la Doctrina de la Iglesia Cat\u00f3lica y a quienes deseen capacitarse para la realizaci\u00f3n de las distintas tareas\u2026<\/p>\n<p class=\"continue-reading-button\"> <a class=\"continue-reading-link\" href=\"https:\/\/cformacion.diocesisdesantander.com\/?page_id=4200\">Seguir leyendo<i class=\"crycon-right-dir\"><\/i><\/a><\/p>\n","protected":false},"author":1,"featured_media":0,"parent":0,"menu_order":0,"comment_status":"closed","ping_status":"closed","template":"","meta":{"footnotes":""},"_links":{"self":[{"href":"https:\/\/cformacion.diocesisdesantander.com\/index.php?rest_route=\/wp\/v2\/pages\/4200"}],"collection":[{"href":"https:\/\/cformacion.diocesisdesantander.com\/index.php?rest_route=\/wp\/v2\/pages"}],"about":[{"href":"https:\/\/cformacion.diocesisdesantander.com\/index.php?rest_route=\/wp\/v2\/types\/page"}],"author":[{"embeddable":true,"href":"https:\/\/cformacion.diocesisdesantander.com\/index.php?rest_route=\/wp\/v2\/users\/1"}],"replies":[{"embeddable":true,"href":"https:\/\/cformacion.diocesisdesantander.com\/index.php?rest_route=%2Fwp%2Fv2%2Fcomments&post=4200"}],"version-history":[{"count":13,"href":"https:\/\/cformacion.diocesisdesantander.com\/index.php?rest_route=\/wp\/v2\/pages\/4200\/revisions"}],"predecessor-version":[{"id":4215,"href":"https:\/\/cformacion.diocesisdesantander.com\/index.php?rest_route=\/wp\/v2\/pages\/4200\/revisions\/4215"}],"wp:attachment":[{"href":"https:\/\/cformacion.diocesisdesantander.com\/index.php?rest_route=%2Fwp%2Fv2%2Fmedia&parent=4200"}],"curies":[{"name":"wp","href":"https:\/\/api.w.org\/{rel}","templated":true}]}}