{"id":4169,"date":"2022-03-09T18:21:17","date_gmt":"2022-03-09T18:21:17","guid":{"rendered":"http:\/\/cformacion.diocesisdesantander.com\/?page_id=4169"},"modified":"2023-10-25T16:07:32","modified_gmt":"2023-10-25T16:07:32","slug":"fratelli-tutti","status":"publish","type":"page","link":"https:\/\/cformacion.diocesisdesantander.com\/?page_id=4169","title":{"rendered":"Fratelli tutti"},"content":{"rendered":"<h1 style=\"text-align: center;\"><span style=\"color: #ff0000;\"><strong>Fratelli tutti<\/strong><\/span><\/h1>\n<h2 style=\"text-align: center;\"><strong>Todos hermanos<\/strong><\/h2>\n<h3 style=\"text-align: center;\"><strong>Sobre la fraternidad y la amistad social<\/strong><\/h3>\n<h5>&gt;&gt;&gt; <strong><a href=\"http:\/\/cformacion.diocesisdesantander.com\/wp-content\/uploads\/2022\/03\/Ficha-1-SO\u00d1AR-COMO-UNA-\u00daNICA-HUMANIDAD-SO\u00d1AR-LO-POSIBLE.-UNA-LECTURA-DE-FRATELLI-TUTTI-2.pdf\" target=\"_blank\" rel=\"noopener noreferrer\">Ficha 1 \u2013 So\u00f1ar como una \u00fanica humanidad<\/a><\/strong> &lt;&lt;&lt;<\/h5>\n<h5>&gt;&gt;&gt; <strong><a href=\"http:\/\/cformacion.diocesisdesantander.com\/wp-content\/uploads\/2022\/03\/Ficha-2-UNA-NUEVA-CULTURA-BASADA-EN-LA-AMISTAD-SO\u00d1AR-LO-POSIBLE.-UNA-LECTURA-DE-FRATELLI-TUTTI-2.pdf\" target=\"_blank\" rel=\"noopener noreferrer\">Ficha 2 \u2013 Una nueva cultura basada en la amistad<\/a><\/strong> &lt;&lt;&lt;<\/h5>\n<h5>&gt;&gt;&gt; <strong><a href=\"http:\/\/cformacion.diocesisdesantander.com\/wp-content\/uploads\/2022\/03\/Ficha-3-LAS-RELIGIONES-AL-SERVICIO-DE-LA-FRATERNIDAD-SO\u00d1AR-LO-POSIBLE.-UNA-LECTURA-DE-FRATELLI-TUTTI-1.pdf\" target=\"_blank\" rel=\"noopener noreferrer\">Ficha 3 \u2013 Las religiones al servicio de la fraternidad<\/a><\/strong> &lt;&lt;&lt;<\/h5>\n<h5>&gt;&gt;&gt; <strong><a href=\"http:\/\/cformacion.diocesisdesantander.com\/wp-content\/uploads\/2022\/03\/Ficha-4-SER-BUEN-SAMARITANO-SO\u00d1AR-LO-POSIBLE.-UNA-LECTURA-DE-FRATELLI-TUTTI-2.pdf\" target=\"_blank\" rel=\"noopener noreferrer\">Ficha 4 \u2013 Ser buen samaritano<\/a><\/strong> &lt;&lt;&lt;<\/h5>\n<h5>&gt;&gt;&gt; <strong><a href=\"http:\/\/cformacion.diocesisdesantander.com\/wp-content\/uploads\/2022\/03\/Ficha-5-EN-UN-MUNDO-OSCURECIDO-NADIE-PUEDE-QUEDAR-EXCLUIDO-SO\u00d1AR-LO-POSIBLE.-UNA-LECTURA-DE-FRATELLI-TUTTI.pdf\" target=\"_blank\" rel=\"noopener noreferrer\">Ficha 5 &#8211; En un mundo oscurecido, nadie puede quedar excluido<\/a><\/strong> &lt;&lt;&lt;<\/h5>\n<h5>&gt;&gt;&gt; <strong><a href=\"http:\/\/cformacion.diocesisdesantander.com\/wp-content\/uploads\/2022\/04\/Ficha-6-UNA-ECONOM\u00cdA-CON-PRINCIPIOS-\u00c9TICOS-SO\u00d1AR-LO-POSIBLE.-UNA-LECTURA-DE-FRATELLI-TUTTI.pdf\" target=\"_blank\" rel=\"noopener noreferrer\">Ficha 6 &#8211; Una econom\u00eda con principios \u00e9ticos<\/a><\/strong> &lt;&lt;&lt;<\/h5>\n<h5>&gt;&gt;&gt; <strong><a href=\"http:\/\/cformacion.diocesisdesantander.com\/wp-content\/uploads\/2022\/04\/Ficha-7-LOS-CAMINOS-DE-LA-PAZ-SO\u00d1AR-LO-POSIBLE.-UNA-LECTURA-DE-FRATELLI-TUTTI-1.pdf\" target=\"_blank\" rel=\"noopener noreferrer\">Ficha 7 &#8211; Los caminos de la paz<\/a><\/strong> &lt;&lt;&lt;<\/h5>\n<h5>&gt;&gt;&gt; <strong><a href=\"http:\/\/cformacion.diocesisdesantander.com\/wp-content\/uploads\/2022\/05\/Ficha-8-UNAS-RELACIONES-INTERNACIONALES-FRATERNAS-SO\u00d1AR-LO-POSIBLE.-UNA-LECTURA-DE-FRATELLI-TUTTI.pdf\" target=\"_blank\" rel=\"noopener noreferrer\">Ficha 8 &#8211; Unas relaciones internacionales fraternas<\/a><\/strong> &lt;&lt;&lt;<\/h5>\n<h5>&gt;&gt;&gt; <strong><a href=\"http:\/\/cformacion.diocesisdesantander.com\/wp-content\/uploads\/2022\/06\/Ficha-9-LA-MEJOR-POL\u00cdTICA-SO\u00d1AR-LO-POSIBLE.-UNA-LECTURA-DE-FRATELLI-TUTTI-1.pdf\" target=\"_blank\" rel=\"noopener noreferrer\">Ficha 9 &#8211; La mejor pol\u00edtica<\/a><\/strong> &lt;&lt;&lt;<\/h5>\n<h5>&gt;&gt;&gt; <strong><a href=\"http:\/\/cformacion.diocesisdesantander.com\/wp-content\/uploads\/2022\/06\/Ficha-10-MIRAR-EL-PASADO-CON-MISERICORDIA-SO\u00d1AR-LO-POSIBLE.-UNA-LECTURA-DE-FRATELLI-TUTTI-1.pdf\" target=\"_blank\" rel=\"noopener noreferrer\">Ficha 10 &#8211; Mirar el pasado con misericordia<\/a><\/strong> &lt;&lt;&lt;<\/h5>\n<h6 class=\"xxxxmsonormal\">En la preparaci\u00f3n de estas fichas, hemos contado con la ayuda del material de <b>So\u00f1ar lo posible. Una lectura de Fratelli Tutti<\/b>, iniciativa de la Conferencia Episcopal y de los medios de comunicaci\u00f3n de la Iglesia (Ecclesia, COPE y TRECE) para profundizar en la enc\u00edclica del papa Francisco\u00a0<i>Fratelli tutti, <\/i>dedicada a la fraternidad y la amistad social.<\/h6>\n<p style=\"text-align: center;\">&#8212;&#8212;&#8212;&#8212;&#8212;&#8212;-<\/p>\n<p class=\"xxxxmsonormal\" style=\"line-height: 105%; text-align: center;\"><span style=\"font-size: 12.5pt; line-height: 105%; font-family: 'Times New Roman',serif;\"><span style=\"color: black;\">\u00a0<img loading=\"lazy\" decoding=\"async\" class=\"n3VNCb\" src=\"https:\/\/designshop-6aa0.kxcdn.com\/photos\/recuperar-amor-todos-somos-hermanos-postal-16172_14.jpg\" alt=\"Todos somos hermanos | Amor &#x1f339;&#x1f48c; | Enviar aut\u00e9nticas postales en l\u00ednea\" width=\"476\" height=\"338\" data-noaft=\"1\" \/><\/span><\/span><\/p>\n<h4 class=\"xxxxmsonormal\" style=\"text-align: justify; line-height: 105%;\"><span style=\"font-size: 12.5pt; line-height: 105%; font-family: 'Times New Roman',serif;\">\u00a0<\/span><\/h4>\n","protected":false},"excerpt":{"rendered":"<p>Fratelli tutti Todos hermanos Sobre la fraternidad y la amistad social &gt;&gt;&gt; Ficha 1 \u2013 So\u00f1ar como una \u00fanica humanidad &lt;&lt;&lt; &gt;&gt;&gt; Ficha 2 \u2013 Una nueva cultura basada en la amistad &lt;&lt;&lt; &gt;&gt;&gt; Ficha 3 \u2013 Las religiones al servicio de la fraternidad &lt;&lt;&lt; &gt;&gt;&gt; Ficha 4 \u2013 Ser\u2026<\/p>\n<p class=\"continue-reading-button\"> <a class=\"continue-reading-link\" href=\"https:\/\/cformacion.diocesisdesantander.com\/?page_id=4169\">Seguir leyendo<i class=\"crycon-right-dir\"><\/i><\/a><\/p>\n","protected":false},"author":1,"featured_media":0,"parent":0,"menu_order":0,"comment_status":"closed","ping_status":"closed","template":"","meta":{"footnotes":""},"_links":{"self":[{"href":"https:\/\/cformacion.diocesisdesantander.com\/index.php?rest_route=\/wp\/v2\/pages\/4169"}],"collection":[{"href":"https:\/\/cformacion.diocesisdesantander.com\/index.php?rest_route=\/wp\/v2\/pages"}],"about":[{"href":"https:\/\/cformacion.diocesisdesantander.com\/index.php?rest_route=\/wp\/v2\/types\/page"}],"author":[{"embeddable":true,"href":"https:\/\/cformacion.diocesisdesantander.com\/index.php?rest_route=\/wp\/v2\/users\/1"}],"replies":[{"embeddable":true,"href":"https:\/\/cformacion.diocesisdesantander.com\/index.php?rest_route=%2Fwp%2Fv2%2Fcomments&post=4169"}],"version-history":[{"count":34,"href":"https:\/\/cformacion.diocesisdesantander.com\/index.php?rest_route=\/wp\/v2\/pages\/4169\/revisions"}],"predecessor-version":[{"id":4458,"href":"https:\/\/cformacion.diocesisdesantander.com\/index.php?rest_route=\/wp\/v2\/pages\/4169\/revisions\/4458"}],"wp:attachment":[{"href":"https:\/\/cformacion.diocesisdesantander.com\/index.php?rest_route=%2Fwp%2Fv2%2Fmedia&parent=4169"}],"curies":[{"name":"wp","href":"https:\/\/api.w.org\/{rel}","templated":true}]}}