{"id":338,"date":"2015-05-10T21:10:03","date_gmt":"2015-05-10T21:10:03","guid":{"rendered":"http:\/\/cformacion.diocesisdesantander.com\/?page_id=338"},"modified":"2023-07-20T10:38:53","modified_gmt":"2023-07-20T10:38:53","slug":"recursos","status":"publish","type":"page","link":"https:\/\/cformacion.diocesisdesantander.com\/?page_id=338","title":{"rendered":"Recursos"},"content":{"rendered":"<h5 style=\"text-align: center;\"><span style=\"text-decoration: underline;\"><strong>* UNA PRIMERA MIRADA A LA DOCTRINA SOCIAL DE LA IGLESIA<\/strong><\/span><\/h5>\n<h5>Presentaci\u00f3n en formato PDF:<br \/>\n&gt;&gt;&gt; <a href=\"http:\/\/cformacion.diocesisdesantander.com\/wp-content\/uploads\/2023\/07\/La-DSI-un-humanismo-integral-y-solidario-OCTUBRE-2022.pdf\" target=\"_blank\" rel=\"noopener\">La Doctrina Social de la Iglesia: Un humanismo integral y solidario<\/a> &lt;&lt;&lt;<\/h5>\n<h5>Presentaci\u00f3n\/diapositivas (formato power point):<br \/>\n&gt;&gt;&gt; <a href=\"http:\/\/cformacion.diocesisdesantander.com\/wp-content\/uploads\/2022\/11\/La-DSI-un-humanismo-integral-y-solidario-OCTUBRE-2022.ppt\" target=\"_blank\" rel=\"noopener\">La Doctrina Social de la Iglesia: Un humanismo integral y solidario <\/a>&lt;&lt;&lt;<\/h5>\n<h5><span style=\"text-decoration: underline;\">Ficha de Trabajo:<\/span><br \/>\n&gt;&gt;&gt; <a href=\"http:\/\/cformacion.diocesisdesantander.com\/wp-content\/uploads\/2015\/05\/Presentacio\u0081n-DSI-UNA-PRIMERA-MIRADA-PDF.pdf\" target=\"_blank\" rel=\"noopener\">Premisas b\u00e1sicas de la Doctrina Social de la Iglesia<\/a> &lt;&lt;&lt;<\/h5>\n<h5 style=\"text-align: center;\"><span style=\"text-decoration: underline;\"><strong>* LOS PRINCIPIOS DE LA DOCTRINA SOCIAL DE LA IGLESIA<\/strong><\/span><\/h5>\n<h5>Presentaci\u00f3n en formato PDF:<\/h5>\n<h5>&gt;&gt;&gt; <a href=\"http:\/\/cformacion.diocesisdesantander.com\/wp-content\/uploads\/2023\/07\/PRESENTACION-GENERAL-DE-LOS-PRINCIPIOS-DE-LA-DSI.pdf\" target=\"_blank\" rel=\"noopener\">Presentaci\u00f3n general de los principios de la DSI<\/a> &lt;&lt;&lt;<\/h5>\n<h5>&gt;&gt;&gt; <a href=\"http:\/\/cformacion.diocesisdesantander.com\/wp-content\/uploads\/2023\/07\/PRINCIPIO-DE-LA-DIGNIDAD-DE-LA-PERSONA.pdf\" target=\"_blank\" rel=\"noopener\">El principio de la dignidad de la persona humana<\/a> &lt;&lt;&lt;<br \/>\n&gt;&gt;&gt; <a href=\"http:\/\/cformacion.diocesisdesantander.com\/wp-content\/uploads\/2023\/07\/PRINCIPIO-DEL-BIEN-COMUN.pdf\" target=\"_blank\" rel=\"noopener\">El principio del bien com\u00fan<\/a> &lt;&lt;&lt;<br \/>\n&gt;&gt;&gt; <a href=\"http:\/\/cformacion.diocesisdesantander.com\/wp-content\/uploads\/2023\/07\/PRINCIPIO-DEL-DESTINO-UNIVERSAL-DE-LOS-BIENES.pdf\" target=\"_blank\" rel=\"noopener\">El principio del destino universal de los bienes<\/a> &lt;&lt;&lt;<br \/>\n&gt;&gt;&gt; <a href=\"http:\/\/cformacion.diocesisdesantander.com\/wp-content\/uploads\/2023\/07\/PRINCIPIO-DE-LA-SUBSIDIARIEDAD.pdf\" target=\"_blank\" rel=\"noopener\">El principio de la subsidiariedad<\/a> &lt;&lt;&lt;<br \/>\n&gt;&gt;&gt; <a href=\"http:\/\/cformacion.diocesisdesantander.com\/wp-content\/uploads\/2023\/07\/PRINCIPIO-DE-LA-PARTICIPACION.pdf\" target=\"_blank\" rel=\"noopener\">El principio de la participaci\u00f3n<\/a> &lt;&lt;&lt;<br \/>\n&gt;&gt;&gt; <a href=\"http:\/\/cformacion.diocesisdesantander.com\/wp-content\/uploads\/2023\/07\/PRINCIPIO-DE-LA-SOLIDARIDAD.pdf\" target=\"_blank\" rel=\"noopener\">El principio de la solidaridad<\/a> &lt;&lt;&lt;<\/h5>\n<h5>Presentaci\u00f3n\/diapositivas (formato power point):<\/h5>\n<h5>&gt;&gt;&gt; <a href=\"http:\/\/cformacion.diocesisdesantander.com\/wp-content\/uploads\/2023\/07\/PRESENTACION-GENERAL-DE-LOS-PRINCIPIOS-DE-LA-DSI-1.ppt\" target=\"_blank\" rel=\"noopener\">Presentaci\u00f3n general de los principios de la DSI<\/a> &lt;&lt;&lt;<\/h5>\n<h5>&gt;&gt;&gt; <a href=\"http:\/\/cformacion.diocesisdesantander.com\/wp-content\/uploads\/2023\/07\/PRINCIPIO-DE-LA-DIGNIDAD-DE-LA-PERSONA.ppt\" target=\"_blank\" rel=\"noopener\">El principio de la dignidad de la persona humana<\/a> &lt;&lt;&lt;<br \/>\n&gt;&gt;&gt; <a href=\"http:\/\/cformacion.diocesisdesantander.com\/wp-content\/uploads\/2023\/07\/PRINCIPIO-DEL-BIEN-COMUN.ppt\" target=\"_blank\" rel=\"noopener\">El principio del bien com\u00fan<\/a> &lt;&lt;&lt;<br \/>\n&gt;&gt;&gt; <a href=\"http:\/\/cformacion.diocesisdesantander.com\/wp-content\/uploads\/2023\/07\/PRINCIPIO-DEL-DESTINO-UNIVERSAL-DE-LOS-BIENES.ppt\" target=\"_blank\" rel=\"noopener\">El principio del destino universal de los bienes<\/a> &lt;&lt;&lt;<br \/>\n&gt;&gt;&gt; <a href=\"http:\/\/cformacion.diocesisdesantander.com\/wp-content\/uploads\/2023\/07\/PRINCIPIO-DE-LA-SUBSIDIARIEDAD.ppt\" target=\"_blank\" rel=\"noopener\">El principio de la subsidiariedad<\/a> &lt;&lt;&lt;<br \/>\n&gt;&gt;&gt; <a href=\"http:\/\/cformacion.diocesisdesantander.com\/wp-content\/uploads\/2023\/07\/PRINCIPIO-DE-LA-PARTICIPACION.ppt\" target=\"_blank\" rel=\"noopener\">El principio de la participaci\u00f3n<\/a> &lt;&lt;&lt;<br \/>\n&gt;&gt;&gt; <a href=\"http:\/\/cformacion.diocesisdesantander.com\/wp-content\/uploads\/2023\/07\/PRINCIPIO-DE-LA-SOLIDARIDAD.ppt\" target=\"_blank\" rel=\"noopener\">El principio de la solidaridad<\/a> &lt;&lt;&lt;<\/h5>\n<h5 style=\"text-align: center;\"><strong><span style=\"text-decoration: underline;\">* PONENCIAS<\/span> <\/strong><\/h5>\n<h5 style=\"text-align: center;\"><strong>Jornadas Diocesanas de Pastoral 2014<br \/>\n<\/strong><\/h5>\n<h5 style=\"text-align: center;\"><strong>\u00abLa alegr\u00eda del encuentro con Jesucristo\u00bb<\/strong><\/h5>\n<h5><a href=\"http:\/\/cformacion.diocesisdesantander.com\/wp-content\/uploads\/2014\/10\/Surcos-nuevos-para-sembrar-esperanza-Camino-Ca%C3%B1%C3%B3n.pdf\" target=\"_blank\" rel=\"noopener\">Surcos nuevos para sembrar esperanza \u2013 D\u00aa. Camino Ca\u00f1\u00f3n<\/a><\/h5>\n<h5><a href=\"http:\/\/cformacion.diocesisdesantander.com\/wp-content\/uploads\/2014\/10\/Vagabundos-y-peregrinos-Camino-Ca%C3%B1%C3%B3n.pdf\" target=\"_blank\" rel=\"noopener\">Vagabundos y peregrinos \u2013 D\u00aa. Camino Ca\u00f1\u00f3n<\/a><\/h5>\n<h5><a href=\"http:\/\/cformacion.diocesisdesantander.com\/wp-content\/uploads\/2014\/10\/Retos-para-una-evangalizaci%C3%B3n-m%C3%A1s-social-Enrique-Lluch.pdf\" target=\"_blank\" rel=\"noopener\">Retos para una evangalizaci\u00f3n m\u00e1s social \u2013 D. Enrique Lluch<\/a><\/h5>\n<h5><a href=\"http:\/\/cformacion.diocesisdesantander.com\/wp-content\/uploads\/2014\/10\/El-componente-social-de-la-evangelizaci%C3%B3n-Enrique-Lluch.pdf\" target=\"_blank\" rel=\"noopener\">El componente social de la evangelizaci\u00f3n \u2013 D. Enrique Lluch<\/a><\/h5>\n<h5 style=\"text-align: center;\">\u00a0<strong>Jornadas Diocesanas de Pastoral 2015<\/strong><\/h5>\n<h5 style=\"text-align: center;\"><strong>\u00abLa familia cristiana: certezas, desaf\u00edos y esperanzas\u00bb<\/strong><\/h5>\n<ul>\n<li style=\"text-align: left;\">\n<h5><a href=\"http:\/\/cformacion.diocesisdesantander.com\/wp-content\/uploads\/2015\/10\/LA-IDENTIDAD-CRISTIANA-DE-LA-FAMILIA.ppt\" target=\"_blank\" rel=\"noopener\">La identidad de la familia cristiana &#8211; D. Jos\u00e9 Luis Guz\u00f3n Nestar<\/a><\/h5>\n<\/li>\n<li style=\"text-align: left;\">\n<h5><a href=\"http:\/\/cformacion.diocesisdesantander.com\/wp-content\/uploads\/2015\/10\/LA-PASTORAL-FAMILIAR.ppt\" target=\"_blank\" rel=\"noopener\">La pastoral familiar &#8211; D. Jos\u00e9 Luis Guz\u00f3n Nestar<\/a><\/h5>\n<\/li>\n<\/ul>\n<h5 style=\"text-align: left;\"><strong>Presentaci\u00f3n de la Instrucci\u00f3n Pastoral, \u00abIglesia, servidora de los pobres\u00bb,a cargo de Mons. D. Juan Jos\u00e9 Omella, el 31 de octubre de 2015, en el Seminario de Corb\u00e1n<\/strong><\/h5>\n<h5 style=\"text-align: left;\"><a href=\"http:\/\/www.diocesisdesantander.com\/audio-de-la-conferencia-del-obispo-mons-omeya-sobre-la-instruccion-pastoral-iglesia-servidira-de-los-pobres\/\" target=\"_blank\" rel=\"noopener\">Audio de la conferencia del obispo, Mons. D. Juan Jos\u00e9 Omeya, sobre la Instrucci\u00f3n Pastoral: \u201cIglesia, servidora de los pobres\u201d<\/a><\/h5>\n<h5 data-canvas-width=\"79.09067929852851\"><strong>Conferencia <em>\u00abLa Carta Enc\u00edclica Laudato Si\u2019 &#8211; Medioambiente, exclusi\u00f3n y periferias existenciales\u00bb<\/em>, a cargo de D. Francisco Javier Froj\u00e1n Madero, Agregado de la Secci\u00f3n para las Relaciones con los Estados de la Santa Sede, celebrada el d\u00eda 13 de Noviembre en el Seminario de Corb\u00e1n<\/strong><\/h5>\n<h5><a href=\"http:\/\/www.ivoox.com\/conferencia-mons-frojan-audios-mp3_rf_9394048_1.html\" target=\"_blank\" rel=\"noopener\">Audio de la conferencia \u00abLa Carta Enc\u00edclica Laudato Si\u00b4- Medioambiente, exclusi\u00f3n y periferias existenciales\u00bb<\/a><\/h5>\n<h5><strong>Conferencia <em>\u00abPasi\u00f3n por la ciudad, pasi\u00f3n samaritana. Retos ciudadanos a la evangelizaci\u00f3n\u00bb<\/em>, a cargo de D. Xavier\u00a0 Quinz\u00e1 Lle\u00f3, SJ del Centro Arrupe de la Compa\u00f1\u00eda de Jes\u00fas en Valencia. Celebrada el d\u00eda 17 de noviembre en la Universidad de Cantabria, dentro del Ciclo II: Evangelio y Ciudad &#8211; XXXII Curso de Teolog\u00eda &#8211; Aula de Estudios sobre la Religi\u00f3n<\/strong><\/h5>\n<h5><a href=\"http:\/\/web.unican.es\/campuscultural\/Documents\/Aula%20de%20estudios%20sobre%20religi%C3%B3n\/2015-2016\/CursoTeologiaPasi%C3%B3nPorLaCiudad2015-2016.pdf\" target=\"_blank\" rel=\"noopener\"><strong>\u00a0<\/strong>\u00abPasi\u00f3n por la ciudad, pasi\u00f3n samaritana. Retos ciudadanos a la evangelizaci\u00f3n\u00bb<\/a><\/h5>\n<h5><strong>Conferencia de Jos\u00e9 Luis Pinilla Mart\u00edn (S.J.), Secretario de la Comisi\u00f3n Episcopal de Migraciones. Celebrada el 10 de Marzo de 2016 en el Seminario Monte Corb\u00e1n, dentro de las Jornadas de Formaci\u00f3n Permanente para el Clero<\/strong><\/h5>\n<h5><a href=\"http:\/\/www.diocesisdesantander.com\/conferencia-de-jose-luis-pinilla-martin-s-j-secretario-de-la-comision-episcopal-de-migraciones\/\" target=\"_blank\" rel=\"noopener\">Audio de la conferencia \u00abLas Migraciones\u00bb<\/a><\/h5>\n<h4 data-canvas-width=\"79.09067929852851\"><img loading=\"lazy\" decoding=\"async\" class=\"aligncenter wp-image-526 \" src=\"http:\/\/cformacion.diocesisdesantander.com\/wp-content\/uploads\/2015\/05\/gestionar-recursos-humanos-adaptandose-al-cambio-1-300x225.jpg\" alt=\"gestionar-recursos-humanos-adaptandose-al-cambio-1\" width=\"263\" height=\"197\" srcset=\"https:\/\/cformacion.diocesisdesantander.com\/wp-content\/uploads\/2015\/05\/gestionar-recursos-humanos-adaptandose-al-cambio-1-300x225.jpg 300w, https:\/\/cformacion.diocesisdesantander.com\/wp-content\/uploads\/2015\/05\/gestionar-recursos-humanos-adaptandose-al-cambio-1-200x150.jpg 200w, https:\/\/cformacion.diocesisdesantander.com\/wp-content\/uploads\/2015\/05\/gestionar-recursos-humanos-adaptandose-al-cambio-1-150x113.jpg 150w, https:\/\/cformacion.diocesisdesantander.com\/wp-content\/uploads\/2015\/05\/gestionar-recursos-humanos-adaptandose-al-cambio-1.jpg 800w\" sizes=\"(max-width: 263px) 100vw, 263px\" \/><\/h4>\n","protected":false},"excerpt":{"rendered":"<p>* UNA PRIMERA MIRADA A LA DOCTRINA SOCIAL DE LA IGLESIA Presentaci\u00f3n en formato PDF: &gt;&gt;&gt; La Doctrina Social de la Iglesia: Un humanismo integral y solidario &lt;&lt;&lt; Presentaci\u00f3n\/diapositivas (formato power point): &gt;&gt;&gt; La Doctrina Social de la Iglesia: Un humanismo integral y solidario &lt;&lt;&lt; Ficha de Trabajo: &gt;&gt;&gt; Premisas\u2026<\/p>\n<p class=\"continue-reading-button\"> <a class=\"continue-reading-link\" href=\"https:\/\/cformacion.diocesisdesantander.com\/?page_id=338\">Seguir leyendo<i class=\"crycon-right-dir\"><\/i><\/a><\/p>\n","protected":false},"author":1,"featured_media":0,"parent":42,"menu_order":0,"comment_status":"closed","ping_status":"closed","template":"","meta":{"footnotes":""},"_links":{"self":[{"href":"https:\/\/cformacion.diocesisdesantander.com\/index.php?rest_route=\/wp\/v2\/pages\/338"}],"collection":[{"href":"https:\/\/cformacion.diocesisdesantander.com\/index.php?rest_route=\/wp\/v2\/pages"}],"about":[{"href":"https:\/\/cformacion.diocesisdesantander.com\/index.php?rest_route=\/wp\/v2\/types\/page"}],"author":[{"embeddable":true,"href":"https:\/\/cformacion.diocesisdesantander.com\/index.php?rest_route=\/wp\/v2\/users\/1"}],"replies":[{"embeddable":true,"href":"https:\/\/cformacion.diocesisdesantander.com\/index.php?rest_route=%2Fwp%2Fv2%2Fcomments&post=338"}],"version-history":[{"count":53,"href":"https:\/\/cformacion.diocesisdesantander.com\/index.php?rest_route=\/wp\/v2\/pages\/338\/revisions"}],"predecessor-version":[{"id":4442,"href":"https:\/\/cformacion.diocesisdesantander.com\/index.php?rest_route=\/wp\/v2\/pages\/338\/revisions\/4442"}],"up":[{"embeddable":true,"href":"https:\/\/cformacion.diocesisdesantander.com\/index.php?rest_route=\/wp\/v2\/pages\/42"}],"wp:attachment":[{"href":"https:\/\/cformacion.diocesisdesantander.com\/index.php?rest_route=%2Fwp%2Fv2%2Fmedia&parent=338"}],"curies":[{"name":"wp","href":"https:\/\/api.w.org\/{rel}","templated":true}]}}