{"id":334,"date":"2015-05-10T21:09:13","date_gmt":"2015-05-10T21:09:13","guid":{"rendered":"http:\/\/cformacion.diocesisdesantander.com\/?page_id=334"},"modified":"2015-05-22T08:28:59","modified_gmt":"2015-05-22T08:28:59","slug":"participacion-publica","status":"publish","type":"page","link":"https:\/\/cformacion.diocesisdesantander.com\/?page_id=334","title":{"rendered":"Participaci\u00f3n P\u00fablica"},"content":{"rendered":"<h4 style=\"text-align: center;\"><strong>LA PARTICIPACION DE LOS CRISTIANOS EN LA VIDA PUBLICA <\/strong><\/h4>\n<h4 style=\"text-align: center;\"><strong>Y LA COMUNIDAD POLITICA<\/strong><\/h4>\n<p>&nbsp;<\/p>\n<h5><span style=\"text-decoration: underline;\">Fichas de trabajo:<\/span><\/h5>\n<h5>&gt;&gt;&gt; <a href=\"http:\/\/cformacion.diocesisdesantander.com\/wp-content\/uploads\/2015\/05\/Participaci\u00f3n-Vida-P\u00fablica-1-PDF.pdf\" target=\"_blank\">Ficha 1: Aspectos b\u00edblicos<\/a> &lt;&lt;&lt;<br \/>\n&gt;&gt;&gt; <a href=\"http:\/\/cformacion.diocesisdesantander.com\/wp-content\/uploads\/2015\/05\/Participaci\u00f3n-Vida-P\u00fablica-2-PDF.pdf\" target=\"_blank\">Ficha 2: Fundamentos de la participaci\u00f3n en la vida p\u00fablica<\/a> &lt;&lt;&lt;<br \/>\n&gt;&gt;&gt; <a href=\"http:\/\/cformacion.diocesisdesantander.com\/wp-content\/uploads\/2015\/05\/Participaci\u00f3n-Vida-P\u00fablica-3-PDF-.pdf\" target=\"_blank\">Ficha 3: La autoridad pol\u00edtica<\/a> &lt;&lt;&lt;<br \/>\n&gt;&gt;&gt; <a href=\"http:\/\/cformacion.diocesisdesantander.com\/wp-content\/uploads\/2015\/05\/Participaci\u00f3n-Vida-P\u00fablica-4-PDF.pdf\" target=\"_blank\">Ficha 4: La participaci\u00f3n de los cristianos en la vida p\u00fablica de una democracia<\/a> &lt;&lt;&lt;<br \/>\n&gt;&gt;&gt; <a href=\"http:\/\/cformacion.diocesisdesantander.com\/wp-content\/uploads\/2015\/05\/Participaci\u00f3n-Vida-P\u00fablica-5-PDF-.pdf\" target=\"_blank\">Ficha 5: Deberes del cristiano laico en el campo de lo p\u00fablico, en general<\/a> &lt;&lt;&lt;<br \/>\n&gt;&gt;&gt; <a href=\"http:\/\/cformacion.diocesisdesantander.com\/wp-content\/uploads\/2015\/05\/Participaci\u00f3n-Vida-P\u00fablica-6-PDF-.pdf\" target=\"_blank\">Ficha 6: Responsabilidad en las consultas pol\u00edticas<\/a> &lt;&lt;&lt;<br \/>\n&gt;&gt;&gt; <a href=\"http:\/\/cformacion.diocesisdesantander.com\/wp-content\/uploads\/2015\/05\/Participaci\u00f3n-Vida-P\u00fablica-7-PDF-.pdf\" target=\"_blank\">Ficha 7: El noble ejercicio de la pol\u00edtica en la vida p\u00fablica<\/a> &lt;&lt;&lt;<\/h5>\n<p>&nbsp;<\/p>\n<p style=\"text-align: center;\"><img loading=\"lazy\" decoding=\"async\" class=\"aligncenter wp-image-405 size-medium\" src=\"http:\/\/cformacion.diocesisdesantander.com\/wp-content\/uploads\/2015\/05\/POLITICA-230x300.jpg\" alt=\"POLITICA\" width=\"230\" height=\"300\" srcset=\"https:\/\/cformacion.diocesisdesantander.com\/wp-content\/uploads\/2015\/05\/POLITICA-230x300.jpg 230w, https:\/\/cformacion.diocesisdesantander.com\/wp-content\/uploads\/2015\/05\/POLITICA-115x150.jpg 115w, https:\/\/cformacion.diocesisdesantander.com\/wp-content\/uploads\/2015\/05\/POLITICA.jpg 281w\" sizes=\"(max-width: 230px) 100vw, 230px\" \/><\/p>\n","protected":false},"excerpt":{"rendered":"<p>LA PARTICIPACION DE LOS CRISTIANOS EN LA VIDA PUBLICA Y LA COMUNIDAD POLITICA &nbsp; Fichas de trabajo: &gt;&gt;&gt; Ficha 1: Aspectos b\u00edblicos &lt;&lt;&lt; &gt;&gt;&gt; Ficha 2: Fundamentos de la participaci\u00f3n en la vida p\u00fablica &lt;&lt;&lt; &gt;&gt;&gt; Ficha 3: La autoridad pol\u00edtica &lt;&lt;&lt; &gt;&gt;&gt; Ficha 4: La participaci\u00f3n de los cristianos\u2026<\/p>\n<p class=\"continue-reading-button\"> <a class=\"continue-reading-link\" href=\"https:\/\/cformacion.diocesisdesantander.com\/?page_id=334\">Seguir leyendo<i class=\"crycon-right-dir\"><\/i><\/a><\/p>\n","protected":false},"author":1,"featured_media":0,"parent":42,"menu_order":0,"comment_status":"closed","ping_status":"closed","template":"","meta":{"footnotes":""},"_links":{"self":[{"href":"https:\/\/cformacion.diocesisdesantander.com\/index.php?rest_route=\/wp\/v2\/pages\/334"}],"collection":[{"href":"https:\/\/cformacion.diocesisdesantander.com\/index.php?rest_route=\/wp\/v2\/pages"}],"about":[{"href":"https:\/\/cformacion.diocesisdesantander.com\/index.php?rest_route=\/wp\/v2\/types\/page"}],"author":[{"embeddable":true,"href":"https:\/\/cformacion.diocesisdesantander.com\/index.php?rest_route=\/wp\/v2\/users\/1"}],"replies":[{"embeddable":true,"href":"https:\/\/cformacion.diocesisdesantander.com\/index.php?rest_route=%2Fwp%2Fv2%2Fcomments&post=334"}],"version-history":[{"count":10,"href":"https:\/\/cformacion.diocesisdesantander.com\/index.php?rest_route=\/wp\/v2\/pages\/334\/revisions"}],"predecessor-version":[{"id":492,"href":"https:\/\/cformacion.diocesisdesantander.com\/index.php?rest_route=\/wp\/v2\/pages\/334\/revisions\/492"}],"up":[{"embeddable":true,"href":"https:\/\/cformacion.diocesisdesantander.com\/index.php?rest_route=\/wp\/v2\/pages\/42"}],"wp:attachment":[{"href":"https:\/\/cformacion.diocesisdesantander.com\/index.php?rest_route=%2Fwp%2Fv2%2Fmedia&parent=334"}],"curies":[{"name":"wp","href":"https:\/\/api.w.org\/{rel}","templated":true}]}}