{"id":332,"date":"2015-05-10T21:08:42","date_gmt":"2015-05-10T21:08:42","guid":{"rendered":"http:\/\/cformacion.diocesisdesantander.com\/?page_id=332"},"modified":"2016-04-15T15:13:56","modified_gmt":"2016-04-15T15:13:56","slug":"economia","status":"publish","type":"page","link":"https:\/\/cformacion.diocesisdesantander.com\/?page_id=332","title":{"rendered":"Econom\u00eda"},"content":{"rendered":"<h4 style=\"text-align: center;\"><strong>POR UNA ECONOMIA AMIGA DE LA PERSONA. <\/strong><br \/>\n<strong>\u201cNO A UNA ECONOMIA DE LA EXCLUSION\u201d (Evangelii gaudium, 53)<\/strong><\/h4>\n<p>&nbsp;<\/p>\n<h5><span style=\"text-decoration: underline;\">Fichas de trabajo:<\/span><\/h5>\n<h5><span style=\"color: #ff0000;\">* Primera parte &#8211; Consideraciones generales<\/span><\/h5>\n<h5>&gt;&gt;&gt; <a href=\"http:\/\/cformacion.diocesisdesantander.com\/wp-content\/uploads\/2015\/05\/Por-una-econom\u00eda-amiga-de-la-persona-1-PDF-.pdf\" target=\"_blank\">Ficha 1: Aspectos b\u00edblicos I.<\/a> &lt;&lt;&lt;<\/h5>\n<h5>&gt;&gt;&gt; <a href=\"http:\/\/cformacion.diocesisdesantander.com\/wp-content\/uploads\/2015\/05\/n\u00ba-9-DSI-PDF.pdf\" target=\"_blank\">Aspectos b\u00edblicos II.<\/a> &lt;&lt;&lt;<\/h5>\n<h5>&gt;&gt;&gt; <a href=\"http:\/\/cformacion.diocesisdesantander.com\/wp-content\/uploads\/2015\/05\/Por-una-econom\u00eda-amiga-de-la-persona-2-PDF-.pdf\" target=\"_blank\">Ficha 2: La \u00e9tica en la econom\u00eda I.<\/a> &lt;&lt;&lt;<\/h5>\n<h5>&gt;&gt;&gt; <a href=\"http:\/\/cformacion.diocesisdesantander.com\/wp-content\/uploads\/2015\/05\/n\u00ba-10-DSI-PDF.pdf\" target=\"_blank\">La \u00e9tica en la econom\u00eda II.<\/a> &lt;&lt;&lt;<\/h5>\n<h5>&gt;&gt;&gt; <a href=\"http:\/\/cformacion.diocesisdesantander.com\/wp-content\/uploads\/2015\/05\/Por-una-econom\u00eda-amiga-de-la-persona-3-PDF-.pdf\" target=\"_blank\">Ficha 3: La instituci\u00f3n de la Empresa al servicio del ser humano I.<\/a> &lt;&lt;&lt;<\/h5>\n<h5>&gt;&gt;&gt; <a href=\"http:\/\/cformacion.diocesisdesantander.com\/wp-content\/uploads\/2015\/05\/n\u00ba-11-DSI-PDF1.pdf\" target=\"_blank\">La instituci\u00f3n de la Empresa al servicio del ser humano II. <\/a>&lt;&lt;&lt;<\/h5>\n<h5>&gt;&gt;&gt; <a href=\"http:\/\/cformacion.diocesisdesantander.com\/wp-content\/uploads\/2015\/05\/Por-una-econom\u00eda-amiga-de-la-persona-4-PDF-.pdf\" target=\"_blank\">Ficha 4: El papel del libre mercado y la acci\u00f3n del Estado I.<\/a> &lt;&lt;&lt;<\/h5>\n<h5>&gt;&gt;&gt; <a href=\"http:\/\/cformacion.diocesisdesantander.com\/wp-content\/uploads\/2015\/05\/n\u00ba-12-DSI-PDF-1.pdf\" target=\"_blank\">El papel del libre mercado y la acci\u00f3n del Estado II.<\/a> &lt;&lt;&lt;<\/h5>\n<h5>&gt;&gt;&gt; <a href=\"http:\/\/cformacion.diocesisdesantander.com\/wp-content\/uploads\/2015\/05\/Por-una-econom\u00eda-amiga-de-la-persona-5-PDF-.pdf\" target=\"_blank\">Ficha 5: La globalizaci\u00f3n, oportunidades y riesgos I.<\/a> &lt;&lt;&lt;<\/h5>\n<h5>&gt;&gt;&gt; <a href=\"http:\/\/cformacion.diocesisdesantander.com\/wp-content\/uploads\/2015\/05\/n\u00ba-13-DSI-PDF1.pdf\" target=\"_blank\">La globalizaci\u00f3n, oportunidades y riesgos II. <\/a>&lt;&lt;&lt;<\/h5>\n<h5>&gt;&gt;&gt; <a href=\"http:\/\/cformacion.diocesisdesantander.com\/wp-content\/uploads\/2015\/05\/Por-una-econom\u00eda-amiga-de-la-persona-6-PDF.pdf\" target=\"_blank\">Ficha 6: La interdependencia econ\u00f3mica y el desequilibrio creciente<\/a> &lt;&lt;&lt;<\/h5>\n<h5>&gt;&gt;&gt; <a href=\"http:\/\/cformacion.diocesisdesantander.com\/wp-content\/uploads\/2016\/02\/Por-una-economi\u00cc\u0081a-amiga-de-la-persona-7-copia.pdf\" target=\"_blank\">Ficha 7: Causas de las desigualdades econ\u00f3micas <\/a>&lt;&lt;&lt;<\/h5>\n<h5>&gt;&gt;&gt;<a href=\"http:\/\/cformacion.diocesisdesantander.com\/wp-content\/uploads\/2015\/11\/Por-una-economi\u0301a-amiga-de-la-persona-8.pdf\" target=\"_blank\">Ficha 8: Hacia un verdadero desarrollo: integral y solidario<\/a>&lt;&lt;&lt;<\/h5>\n<h5>&gt;&gt;&gt; <a href=\"http:\/\/cformacion.diocesisdesantander.com\/wp-content\/uploads\/2015\/11\/Por-una-economi\u0301a-amiga-de-la-persona-9.pdf\" target=\"_blank\">Ficha 9: Exigencias y propuestas de acci\u00f3n<\/a> &lt;&lt;&lt;<\/h5>\n<h5>&gt;&gt;&gt; <a href=\"http:\/\/cformacion.diocesisdesantander.com\/wp-content\/uploads\/2016\/02\/Por-una-economi\u0301a-amiga-de-la-persona-10-Pages-.pdf\" target=\"_blank\">Ficha 10: Por un consumo responsable <\/a>&lt;&lt;&lt;<\/h5>\n<h5><span style=\"color: #ff0000;\">* Segunda parte &#8211; El trabajo y el desempleo<\/span><\/h5>\n<h5>&gt;&gt;&gt; <a href=\"http:\/\/cformacion.diocesisdesantander.com\/wp-content\/uploads\/2016\/02\/El-Trabajo-y-el-Desempleo-1.pdf\" target=\"_blank\">Ficha 1: Aspectos b\u00edblicos<\/a>\u00a0 &lt;&lt;&lt;<\/h5>\n<h5>&gt;&gt;&gt; <a href=\"http:\/\/cformacion.diocesisdesantander.com\/wp-content\/uploads\/2016\/04\/FICHA-2-EL-TRABAJO-ES-NECESARIO-EL-TRABAJO-Y-EL-DESEMPLEO.pdf\" target=\"_blank\">Ficha 2: El trabajo es necesario<\/a> &lt;&lt;&lt;<\/h5>\n<h5>&gt;&gt;&gt; <a href=\"http:\/\/cformacion.diocesisdesantander.com\/wp-content\/uploads\/2016\/04\/FICHA-3-LA-DIGNIDAD-DEL-TRABAJO-EL-TRABAJO-Y-EL-DESEMPLEO.pdf\" target=\"_blank\">Ficha 3: La dignidad del trabajo<\/a> &lt;&lt;&lt;<\/h5>\n<p style=\"text-align: center;\">\u00a0 <img loading=\"lazy\" decoding=\"async\" class=\"aligncenter wp-image-419 \" src=\"http:\/\/cformacion.diocesisdesantander.com\/wp-content\/uploads\/2015\/05\/INVIERTE-GANA.jpg\" alt=\"INVIERTE GANA\" width=\"347\" height=\"347\" srcset=\"https:\/\/cformacion.diocesisdesantander.com\/wp-content\/uploads\/2015\/05\/INVIERTE-GANA.jpg 260w, https:\/\/cformacion.diocesisdesantander.com\/wp-content\/uploads\/2015\/05\/INVIERTE-GANA-150x150.jpg 150w\" sizes=\"(max-width: 347px) 100vw, 347px\" \/><\/p>\n","protected":false},"excerpt":{"rendered":"<p>POR UNA ECONOMIA AMIGA DE LA PERSONA. \u201cNO A UNA ECONOMIA DE LA EXCLUSION\u201d (Evangelii gaudium, 53) &nbsp; Fichas de trabajo: * Primera parte &#8211; Consideraciones generales &gt;&gt;&gt; Ficha 1: Aspectos b\u00edblicos I. &lt;&lt;&lt; &gt;&gt;&gt; Aspectos b\u00edblicos II. &lt;&lt;&lt; &gt;&gt;&gt; Ficha 2: La \u00e9tica en la econom\u00eda I. &lt;&lt;&lt; &gt;&gt;&gt;\u2026<\/p>\n<p class=\"continue-reading-button\"> <a class=\"continue-reading-link\" href=\"https:\/\/cformacion.diocesisdesantander.com\/?page_id=332\">Seguir leyendo<i class=\"crycon-right-dir\"><\/i><\/a><\/p>\n","protected":false},"author":1,"featured_media":0,"parent":42,"menu_order":0,"comment_status":"closed","ping_status":"closed","template":"","meta":{"footnotes":""},"_links":{"self":[{"href":"https:\/\/cformacion.diocesisdesantander.com\/index.php?rest_route=\/wp\/v2\/pages\/332"}],"collection":[{"href":"https:\/\/cformacion.diocesisdesantander.com\/index.php?rest_route=\/wp\/v2\/pages"}],"about":[{"href":"https:\/\/cformacion.diocesisdesantander.com\/index.php?rest_route=\/wp\/v2\/types\/page"}],"author":[{"embeddable":true,"href":"https:\/\/cformacion.diocesisdesantander.com\/index.php?rest_route=\/wp\/v2\/users\/1"}],"replies":[{"embeddable":true,"href":"https:\/\/cformacion.diocesisdesantander.com\/index.php?rest_route=%2Fwp%2Fv2%2Fcomments&post=332"}],"version-history":[{"count":42,"href":"https:\/\/cformacion.diocesisdesantander.com\/index.php?rest_route=\/wp\/v2\/pages\/332\/revisions"}],"predecessor-version":[{"id":836,"href":"https:\/\/cformacion.diocesisdesantander.com\/index.php?rest_route=\/wp\/v2\/pages\/332\/revisions\/836"}],"up":[{"embeddable":true,"href":"https:\/\/cformacion.diocesisdesantander.com\/index.php?rest_route=\/wp\/v2\/pages\/42"}],"wp:attachment":[{"href":"https:\/\/cformacion.diocesisdesantander.com\/index.php?rest_route=%2Fwp%2Fv2%2Fmedia&parent=332"}],"curies":[{"name":"wp","href":"https:\/\/api.w.org\/{rel}","templated":true}]}}