{"id":330,"date":"2015-05-10T21:08:21","date_gmt":"2015-05-10T21:08:21","guid":{"rendered":"http:\/\/cformacion.diocesisdesantander.com\/?page_id=330"},"modified":"2024-01-15T17:06:40","modified_gmt":"2024-01-15T17:06:40","slug":"presentacion","status":"publish","type":"page","link":"https:\/\/cformacion.diocesisdesantander.com\/?page_id=330","title":{"rendered":"Presentaci\u00f3n"},"content":{"rendered":"<h3 style=\"text-align: center;\"><span style=\"color: #ff0000;\"><strong>ESCUELA DIOCESANA DE FORMACION<\/strong><\/span><\/h3>\n<h3 style=\"text-align: center;\"><span style=\"color: #ff0000;\"><strong>EN LA DOCTRINA SOCIAL DE LA IGLESIA<\/strong><\/span><\/h3>\n<p style=\"text-align: center;\"><img loading=\"lazy\" decoding=\"async\" class=\"aligncenter wp-image-109\" src=\"http:\/\/cformacion.diocesisdesantander.com\/wp-content\/uploads\/2014\/08\/CURSO-DSI-SLIDE-FOTO-300x140.png\" alt=\"CURSO DSI - SLIDE FOTO\" width=\"405\" height=\"189\" srcset=\"https:\/\/cformacion.diocesisdesantander.com\/wp-content\/uploads\/2014\/08\/CURSO-DSI-SLIDE-FOTO-300x140.png 300w, https:\/\/cformacion.diocesisdesantander.com\/wp-content\/uploads\/2014\/08\/CURSO-DSI-SLIDE-FOTO-250x117.png 250w, https:\/\/cformacion.diocesisdesantander.com\/wp-content\/uploads\/2014\/08\/CURSO-DSI-SLIDE-FOTO-150x70.png 150w, https:\/\/cformacion.diocesisdesantander.com\/wp-content\/uploads\/2014\/08\/CURSO-DSI-SLIDE-FOTO.png 640w\" sizes=\"(max-width: 405px) 100vw, 405px\" \/><\/p>\n<h5><strong>* UNA PRIMERA MIRADA A LA DOCTRINA SOCIAL DE LA IGLESIA<\/strong><\/h5>\n<h5>Presentaci\u00f3n en formato PDF:<br \/>\n&gt;&gt;&gt; <a href=\"http:\/\/cformacion.diocesisdesantander.com\/wp-content\/uploads\/2023\/07\/La-DSI-un-humanismo-integral-y-solidario-OCTUBRE-2022.pdf\" target=\"_blank\" rel=\"noopener\">La Doctrina Social de la Iglesia: Un humanismo integral y solidario<\/a> &lt;&lt;&lt;<\/h5>\n<h5>Presentaci\u00f3n\/diapositivas (formato power point):<br \/>\n&gt;&gt;&gt; <a href=\"http:\/\/cformacion.diocesisdesantander.com\/wp-content\/uploads\/2022\/11\/La-DSI-un-humanismo-integral-y-solidario-OCTUBRE-2022.ppt\" target=\"_blank\" rel=\"noopener\">La Doctrina Social de la Iglesia: Un humanismo integral y solidario <\/a>&lt;&lt;&lt;<\/h5>\n<h5>Ficha de Trabajo:<br \/>\n&gt;&gt;&gt; <a href=\"http:\/\/cformacion.diocesisdesantander.com\/wp-content\/uploads\/2015\/05\/Presentacio\u0081n-DSI-UNA-PRIMERA-MIRADA-PDF.pdf\" target=\"_blank\" rel=\"noopener\">Premisas b\u00e1sicas de la Doctrina Social de la Iglesia<\/a> &lt;&lt;&lt;<\/h5>\n<h5>Desde la <span style=\"color: #3366ff;\"><strong><em>Escuela Diocesana de Formaci\u00f3n en la Doctrina Social de la Iglesia<\/em><\/strong><\/span>, organizada de manera conjunta por el <em>Centro Diocesano de Formaci\u00f3n Teol\u00f3gica y Pastoral<\/em>, por la <em>Delegaci\u00f3n de Apostolado Seglar<\/em>\u00a0y por el <em>Secretariado de la Pastoral del Trabajo, <\/em>te invitamos en este curso a descubrir todos los materiales que tenemos en nuestra p\u00e1gina web del Centro Diocesano.<\/h5>\n<h5>En la pesta\u00f1a <strong>Doctrina Social<\/strong>\u00a0de esta p\u00e1gina web, puedes encontrar distintos materiales que puedes utilizar para trabajar en grupo y\/o para la reflexi\u00f3n personal. Estos materiales est\u00e1n organizados en Fichas sobre los siguientes temas:<\/h5>\n<ul>\n<li>\n<h5>Fratelli tutti: <span style=\"color: #ff0000;\">\u201cSobre la fraternidad y la amistad social\u201d<\/span>(10 fichas)<\/h5>\n<\/li>\n<li>\n<h5>Ecolog\u00eda: <span style=\"color: #ff0000;\">\u201cEl grito de la tierra y el cuidado de la casa com\u00fan\u201d<\/span>(7 fichas)<\/h5>\n<\/li>\n<li>\n<h5>Familia: <span style=\"color: #ff0000;\">\u201cLa familia y la alegr\u00eda del amor\u201d<\/span>(6 fichas)<\/h5>\n<\/li>\n<li>\n<h5>Econom\u00eda: <span style=\"color: #ff0000;\">\u201cPor una econom\u00eda amiga de la persona\u201d<\/span><\/h5>\n<\/li>\n<\/ul>\n<h5>\u00a0\u00a0\u00a0\u00a0\u00a0\u00a0\u00a0\u00a0\u00a0\u00a0\u00a0\u00a0\u00a0\u00a0\u00a0\u00a0\u00a0\u00a0\u00a0\u00a0\u00a0\u00a0\u00a0\u00a0\u00a0 o\u00a0\u00a0 Primera parte: <span style=\"color: #ff0000;\">\u201cConsideraciones generales\u201d<\/span>\u00a0(10 fichas)<\/h5>\n<h5>\u00a0\u00a0\u00a0\u00a0\u00a0\u00a0\u00a0\u00a0\u00a0\u00a0\u00a0\u00a0\u00a0\u00a0\u00a0\u00a0\u00a0\u00a0\u00a0\u00a0\u00a0\u00a0\u00a0\u00a0\u00a0 o\u00a0\u00a0 Segunda parte: <span style=\"color: #ff0000;\">\u201cEl trabajo y el desempleo\u201d<\/span>\u00a0(3 fichas)<\/h5>\n<ul>\n<li>\n<h5>Participaci\u00f3n p\u00fablica: <span style=\"color: #ff0000;\">\u201cLa participaci\u00f3n de los cristianos en la vida p\u00fablica y la comunidad pol\u00edtica\u201d<\/span>(7 fichas)<\/h5>\n<\/li>\n<li>\n<h5>Principios de la DSI: <span style=\"color: #ff0000;\">\u201cLos principios de la doctrina social de la Iglesia\u201d<\/span>(7 presentaciones y 8 fichas)<\/h5>\n<\/li>\n<\/ul>\n<h5>A trav\u00e9s de esta iniciativa, deseamos compartir contigo el rico patrimonio de ense\u00f1anza que la Doctrina Social de la Iglesia nos ofrece como respuesta a los desaf\u00edos de nuestra realidad humana y social. Adem\u00e1s, tenemos presente la propuesta recogida en la <u>Programaci\u00f3n Pastoral 2023-24<\/u>:<\/h5>\n<ul>\n<li>\n<h5><em>\u201cFomentar la creaci\u00f3n de grupos de estudio de la DSI en las parroquias, arciprestazgos, etc., as\u00ed como favorecer la inclusi\u00f3n tem\u00e1tica , y de moral social, en los diferentes itinerarios formativos\u201d. <\/em><\/h5>\n<\/li>\n<li>\n<h5><em>\u201cProporcionar fichas de DSI, especialmente para los nuevos grupos que se van iniciando\u201d.<\/em><\/h5>\n<\/li>\n<\/ul>\n<h5>Por ello, <span style=\"color: #ff0000;\"><strong>nos ponemos a <\/strong><strong>tu disposici\u00f3n\u00a0 para dinamizar y presentar temas que est\u00e9n relacionados con la Doctrina Social de la Iglesia en vuestra parroquia y comunidades cristianas<\/strong>, <strong>unidades pastorales y arciprestazgos<\/strong><\/span>, como ya hemos hecho en a\u00f1os anteriores y nos han pedido, tambi\u00e9n, para este nuevo a\u00f1o.<\/h5>\n<h5>Adem\u00e1s, queremos participar en la puesta en marcha de un <span style=\"color: #ff0000;\"><strong><em><u>Observatorio de la realidad<\/u><\/em><\/strong><\/span> que ayude a las comunidades cristianas a conocer la realidad social de manera cr\u00edtica y objetiva:<\/h5>\n<h5><em>* <\/em><strong><em>\u201cCrear y poner en marcha un Observatorio de la Realidad, como instrumento que posibilite el conocimiento y acercamiento de la problem\u00e1tica social a los cristianos de nuestra di\u00f3cesis con la finalidad de propiciar un mayor compromiso personal desde las orientaciones de la Doctrina Social de la Iglesia\u201d<\/em><\/strong><\/h5>\n<h5 style=\"text-align: center;\"><span style=\"color: #3366ff;\"><strong>Deseamos compartir contigo el rico patrimonio de ense\u00f1anza que la Doctrina Social de la Iglesia nos ofrece como respuesta a los desaf\u00edos de nuestra realidad humana y social, expresada en tres niveles de vinculaci\u00f3n:<\/strong><\/span><\/h5>\n<h5 style=\"text-align: center;\"><span style=\"color: #3366ff;\"><strong>principios de reflexi\u00f3n,<\/strong><\/span><\/h5>\n<h5 style=\"text-align: center;\"><span style=\"color: #3366ff;\"><strong>criterios de juicio,<\/strong><\/span><\/h5>\n<h5 style=\"text-align: center;\"><span style=\"color: #3366ff;\"><strong>y orientaciones para la acci\u00f3n.<\/strong><\/span><\/h5>\n<p><img loading=\"lazy\" decoding=\"async\" class=\"wp-image-162 size-medium aligncenter\" src=\"http:\/\/cformacion.diocesisdesantander.com\/wp-content\/uploads\/2014\/07\/CURSO-DSI-NOTICIA-FOTO-300x126.jpg\" alt=\"CURSO DSI - NOTICIA FOTO\" width=\"300\" height=\"126\" srcset=\"https:\/\/cformacion.diocesisdesantander.com\/wp-content\/uploads\/2014\/07\/CURSO-DSI-NOTICIA-FOTO-300x126.jpg 300w, https:\/\/cformacion.diocesisdesantander.com\/wp-content\/uploads\/2014\/07\/CURSO-DSI-NOTICIA-FOTO-1024x432.jpg 1024w, https:\/\/cformacion.diocesisdesantander.com\/wp-content\/uploads\/2014\/07\/CURSO-DSI-NOTICIA-FOTO-250x105.jpg 250w, https:\/\/cformacion.diocesisdesantander.com\/wp-content\/uploads\/2014\/07\/CURSO-DSI-NOTICIA-FOTO-150x63.jpg 150w, https:\/\/cformacion.diocesisdesantander.com\/wp-content\/uploads\/2014\/07\/CURSO-DSI-NOTICIA-FOTO.jpg 1600w\" sizes=\"(max-width: 300px) 100vw, 300px\" \/><\/p>\n<p style=\"text-align: center;\">\u2022 Para obtener m\u00e1s informaci\u00f3n puedes encontrarnos en:<br \/>\n<strong>Centro Diocesano de Formaci\u00f3n Teol\u00f3gica y Pastoral<\/strong><br \/>\njavier_iitds@hotmail.com<br \/>\nwww.cformacion.diocesisdesantander.com<br \/>\nTlf. 942 237 467<br \/>\n<strong>Delegaci\u00f3n de Apostolado Seglar<\/strong><br \/>\naporstoladoseglar@diocesisdesantander.com<br \/>\n<strong>Secretariado de la Pastoral del Trabajo<\/strong><br \/>\nrampache@gmail.com<\/p>\n<p style=\"text-align: center;\"><img loading=\"lazy\" decoding=\"async\" class=\"thumbnail\" src=\"http:\/\/cformacion.diocesisdesantander.com\/wp-content\/uploads\/2022\/03\/thumbnail_image007.jpg\" alt=\"\" width=\"322\" height=\"94\" \/><\/p>\n","protected":false},"excerpt":{"rendered":"<p>ESCUELA DIOCESANA DE FORMACION EN LA DOCTRINA SOCIAL DE LA IGLESIA * UNA PRIMERA MIRADA A LA DOCTRINA SOCIAL DE LA IGLESIA Presentaci\u00f3n en formato PDF: &gt;&gt;&gt; La Doctrina Social de la Iglesia: Un humanismo integral y solidario &lt;&lt;&lt; Presentaci\u00f3n\/diapositivas (formato power point): &gt;&gt;&gt; La Doctrina Social de la Iglesia:\u2026<\/p>\n<p class=\"continue-reading-button\"> <a class=\"continue-reading-link\" href=\"https:\/\/cformacion.diocesisdesantander.com\/?page_id=330\">Seguir leyendo<i class=\"crycon-right-dir\"><\/i><\/a><\/p>\n","protected":false},"author":1,"featured_media":0,"parent":42,"menu_order":0,"comment_status":"closed","ping_status":"closed","template":"","meta":{"footnotes":""},"_links":{"self":[{"href":"https:\/\/cformacion.diocesisdesantander.com\/index.php?rest_route=\/wp\/v2\/pages\/330"}],"collection":[{"href":"https:\/\/cformacion.diocesisdesantander.com\/index.php?rest_route=\/wp\/v2\/pages"}],"about":[{"href":"https:\/\/cformacion.diocesisdesantander.com\/index.php?rest_route=\/wp\/v2\/types\/page"}],"author":[{"embeddable":true,"href":"https:\/\/cformacion.diocesisdesantander.com\/index.php?rest_route=\/wp\/v2\/users\/1"}],"replies":[{"embeddable":true,"href":"https:\/\/cformacion.diocesisdesantander.com\/index.php?rest_route=%2Fwp%2Fv2%2Fcomments&post=330"}],"version-history":[{"count":57,"href":"https:\/\/cformacion.diocesisdesantander.com\/index.php?rest_route=\/wp\/v2\/pages\/330\/revisions"}],"predecessor-version":[{"id":4501,"href":"https:\/\/cformacion.diocesisdesantander.com\/index.php?rest_route=\/wp\/v2\/pages\/330\/revisions\/4501"}],"up":[{"embeddable":true,"href":"https:\/\/cformacion.diocesisdesantander.com\/index.php?rest_route=\/wp\/v2\/pages\/42"}],"wp:attachment":[{"href":"https:\/\/cformacion.diocesisdesantander.com\/index.php?rest_route=%2Fwp%2Fv2%2Fmedia&parent=330"}],"curies":[{"name":"wp","href":"https:\/\/api.w.org\/{rel}","templated":true}]}}