{"id":27,"date":"2014-07-17T09:38:01","date_gmt":"2014-07-17T09:38:01","guid":{"rendered":"http:\/\/cformacion.diocesisdesantander.com\/?page_id=27"},"modified":"2025-10-15T09:56:13","modified_gmt":"2025-10-15T09:56:13","slug":"plan-antiguo","status":"publish","type":"page","link":"https:\/\/cformacion.diocesisdesantander.com\/?page_id=27","title":{"rendered":"DECA Infantil y Primaria"},"content":{"rendered":"<h4 style=\"text-align: center;\"><img loading=\"lazy\" decoding=\"async\" class=\"aligncenter size-full wp-image-143\" src=\"http:\/\/cformacion.diocesisdesantander.com\/wp-content\/uploads\/2014\/07\/decaG.png\" alt=\"decaG\" width=\"503\" height=\"138\" srcset=\"https:\/\/cformacion.diocesisdesantander.com\/wp-content\/uploads\/2014\/07\/decaG.png 503w, https:\/\/cformacion.diocesisdesantander.com\/wp-content\/uploads\/2014\/07\/decaG-300x82.png 300w, https:\/\/cformacion.diocesisdesantander.com\/wp-content\/uploads\/2014\/07\/decaG-250x68.png 250w, https:\/\/cformacion.diocesisdesantander.com\/wp-content\/uploads\/2014\/07\/decaG-150x41.png 150w\" sizes=\"(max-width: 503px) 100vw, 503px\" \/><br \/><strong>Curso de la DECA <\/strong><\/h4>\n<h4 style=\"text-align: center;\"><strong>Para la Docencia de Religi\u00f3n Cat\u00f3lica en Educaci\u00f3n Infantil y Primaria<br \/><\/strong><\/h4>\n<h5 style=\"text-align: center;\"><strong><span style=\"color: #ff0000;\">Periodo de Matriculaci\u00f3n: Est\u00e1 abierto durante todo el curso de forma permanente<\/span><br \/><\/strong><\/h5>\n<h5 style=\"text-align: center;\"><strong><span style=\"color: #ff0000;\">La metodolog\u00eda de estudio es a distancia<\/span><\/strong><\/h5>\n<h5 style=\"text-align: center;\"><span style=\"color: #000000;\"><strong><span style=\"text-decoration: underline;\">Para conocer m\u00e1s:<\/span><\/strong><\/span><\/h5>\n<p style=\"text-align: center;\"><a href=\"http:\/\/cformacion.diocesisdesantander.com\/wp-content\/uploads\/2025\/10\/INFORMACION-Curso-DECA-Para-la-Docencia-de-RELIGION-en-Educacion-Infantil-y-Primaria-Instituto-de-Teologia-de-Santander-2.pdf\" target=\"_blank\" rel=\"noopener\">INFORMACI\u00d3N GENERAL CURSO DE LA DECA<\/a><\/p>\n<p style=\"text-align: center;\"><a href=\"http:\/\/cformacion.diocesisdesantander.com\/wp-content\/uploads\/2024\/08\/DIPTICO-DECA-Para-la-Docencia-de-RELIGION-CATOLICA-CENTRO-DIOCESANO-DE-FORMACION-TEOLOGICA-Y-PASTORAL.pdf\" target=\"_blank\" rel=\"noopener\">D\u00cdPTICO INFORMATIVO SOBRE LA DECA<\/a><\/p>\n<p style=\"text-align: justify;\">El Centro Diocesano de Formaci\u00f3n Teol\u00f3gica y Pastoral de Santander, como Centro Asociado del Instituto Internacional de Teolog\u00eda a Distancia y bajo el amparo acad\u00e9mico de la Universidad Eclesi\u00e1stica San D\u00e1maso, te presenta este curso de la DECA que capacita para poder ejercer como <strong>Profesor de Religi\u00f3n y Moral Cat\u00f3lica para las etapas educativas de Educaci\u00f3n Infantil y Primaria<\/strong>. En <span style=\"color: #ff0000;\"><strong>4 meses<\/strong><\/span> se puede realizar el curso completo de la DECA. Se dispone como m\u00e1ximo de 12 meses para llevarlo a cabo.<\/p>\n<ul>\n<li>El per\u00edodo de matr\u00edcula est\u00e1 <strong>abierto siempre<\/strong>.<\/li>\n<\/ul>\n<p><u>En el caso de que alg\u00fan titulado en Educaci\u00f3n Infantil y Primaria (bien sea de Grado o de la Diplomatura de Magisterio) ya hubiera realizado <em>alg\u00fan<\/em> cr\u00e9dito\/ECTS de religi\u00f3n en su carrera, podr\u00e1 solicitar convalidaci\u00f3n de los mismos en nuestro Centro<\/u>. Una vez estudiado el caso, se dictaminar\u00e1 los ECTS que se convalidar\u00e1n y los que deber\u00e1 cursar para completar la asignaturas de este curso de la DECA.<\/p>\n<p><strong>EVALUACI\u00d3N: <\/strong><\/p>\n<p><strong>1\u00ba &#8211; Prueba de Evaluaci\u00f3n a Distancia (Cuadernillo). <\/strong><\/p>\n<p><strong>2\u00ba &#8211; Trabajo Final. <\/strong><\/p>\n<p><strong>E<\/strong><strong>n nuestro Centro de Santander, se<u> puede elegir<\/u> cuando entrega su Cuadernillo, y el Trabajo Final (en persona, por correo postal o por email) de cada asignatura, seleccionando la fecha que m\u00e1s le convenga.<\/strong><\/p>\n<h5><span style=\"text-decoration: underline;\"><strong>1. Requisitos para la obtenci\u00f3n de la DECA en Educaci\u00f3n Infantil y Primaria<\/strong><\/span><\/h5>\n<p>(Declaraci\u00f3n Eclesi\u00e1stica de Competencia Acad\u00e9mica)<\/p>\n<ul>\n<li>El <strong>t\u00edtulo de<\/strong> <strong>Maestro o Grado en Educaci\u00f3n Infantil y\/o Primaria <\/strong>(<em> 92 y 93 de la Ley Org\u00e1nica 2\/2006, de 3 de Mayo, de Educaci\u00f3n<\/em>)<\/li>\n<\/ul>\n<ul>\n<li>Cursar los <strong>24 cr\u00e9ditos ECTS<\/strong> <strong>de la DECA, <\/strong>conforme a los programas establecidos por la Conferencia Episcopal Espa\u00f1ola. Materias:<br \/>a) \u00a0 HECHO RELIGIOSO, CULTURA Y VALORES (6 ECTS)<br \/>b) \u00a0 LA BIBLIA, JESUCRISTO Y TRINIDAD (6 ECTS)<br \/>c) \u00a0 IGLESIA, MARIOLOG\u00cdA Y SACRAMENTOS \/ MORAL, ESCATOLOG\u00cdA Y MISI\u00d3N (6 ECTS)<br \/>d) \u00a0 PEDAGOG\u00cdA Y DID\u00c1CTICA DE LA RELIGI\u00d3N CAT\u00d3LICA (6 ECTS)<\/li>\n<\/ul>\n<p style=\"text-align: justify;\">Todos aquellos profesores, Grados en Educaci\u00f3n Infantil y Primaria o Diplomados en Magisterio, que no hayan realizado ninguna asignatura de religi\u00f3n en sus estudios civiles, tendr\u00e1n que realizar este curso de 24 ECTS completo.<\/p>\n<p style=\"text-align: justify;\">En el caso de que alg\u00fan titulado en Educaci\u00f3n Infantil y Primaria (bien sea de Grado o de Magisterio) ya hubiera realizado alg\u00fan cr\u00e9dito\/ECTS de religi\u00f3n en su carrera, completar\u00e1 los ECTS que le falten con las asignaturas de este curso que nuestro Centro le indique.<\/p>\n<p style=\"text-align: justify;\">Desde el 1 de octubre de 2014, la Comisi\u00f3n de Ense\u00f1anza de la Conferencia Episcopal Espa\u00f1ola, en su departamento de DECA, no convalida asignaturas correspondientes a la DECA. La convalidaci\u00f3n se har\u00e1 a trav\u00e9s de nuestro Instituto de Teolog\u00eda.<\/p>\n<h5><span style=\"text-decoration: underline;\"><strong>2. Requisitos y condiciones para ser profesor de Religi\u00f3n Cat\u00f3lica<\/strong><\/span><\/h5>\n<p>Para poder ejercer como profesor de religi\u00f3n y moral cat\u00f3lica es necesario reunir los siguientes requisitos:<\/p>\n<ul>\n<li>Estar en posesi\u00f3n de la <strong>titulaci\u00f3n eclesi\u00e1stica D.E.C.A. (<\/strong>Declaraci\u00f3n Eclesi\u00e1stica de Competencia Acad\u00e9mica) correspondiente al nivel educativo en el que se pretende impartir docencia, expedida por la Comisi\u00f3n Episcopal de Ense\u00f1anza y Catequesis de la Conferencia Episcopal Espa\u00f1ola<\/li>\n<\/ul>\n<ul>\n<li>Estar en posesi\u00f3n de la <strong>D.E.I. (<\/strong>Declaraci\u00f3n Eclesi\u00e1stica de Idoneidad) concedida por el Obispo de la Di\u00f3cesis a la que pertenece la localidad donde se vaya a impartir clase de religi\u00f3n.<\/li>\n<\/ul>\n<p>\u2013 Requisito previo para la obtenci\u00f3n de la D.E.I. es estar en posesi\u00f3n de la D.E.C.A.<\/p>\n<p>\u2013 La expedici\u00f3n de la D.E.I.\u00a0supone <strong>recta doctrina y testimonio de vida cristiana<\/strong>, seg\u00fan los c\u00e1nones 804 y 805 del C\u00f3digo de Derecho Can\u00f3nico. Est\u00e1 basada en consideraciones de \u00edndole moral y religiosa, criterios cuya definici\u00f3n corresponde al Obispo diocesano<\/p>\n<p>\u2013 La D.E.I. <strong>puede ser revocada<\/strong> por el Ordinario diocesano, cuando deje de cumplirse alguna de las consideraciones por las que se concedi\u00f3 y no tendr\u00e1 validez en otras di\u00f3cesis<\/p>\n<ul>\n<li>Haber obtenido la <strong><em>missio canonica<\/em><\/strong>, es decir, haber sido propuesto a la Administraci\u00f3n Educativa por el Obispo de la Di\u00f3cesis, como profesor competente e id\u00f3neo para un centro escolar concreto<\/li>\n<\/ul>\n<p>\u2013 Requisito previo para la obtenci\u00f3n de la <em>missio canonica <\/em>es estar en posesi\u00f3n de la D.E.I.<\/p>\n<p>\u2013 La propuesta ser\u00e1 <strong>para cada a\u00f1o escolar<\/strong>, conforme con el art. III del Acuerdo sobre Ense\u00f1anza y Asuntos Culturales<\/p>\n<h5><span style=\"color: #ff0000;\"><strong><span style=\"text-decoration: underline;\">Para conocer m\u00e1s:<\/span><\/strong><\/span><\/h5>\n<p><a href=\"http:\/\/cformacion.diocesisdesantander.com\/wp-content\/uploads\/2025\/10\/INFORMACION-Curso-DECA-Para-la-Docencia-de-RELIGION-en-Educacion-Infantil-y-Primaria-Instituto-de-Teologia-de-Santander-2.pdf\" target=\"_blank\" rel=\"noopener\">INFORMACI\u00d3N GENERAL CURSO DE LA DECA<\/a><\/p>\n<p><a href=\"http:\/\/cformacion.diocesisdesantander.com\/wp-content\/uploads\/2024\/08\/DIPTICO-DECA-Para-la-Docencia-de-RELIGION-CATOLICA-CENTRO-DIOCESANO-DE-FORMACION-TEOLOGICA-Y-PASTORAL.pdf\" target=\"_blank\" rel=\"noopener\">D\u00cdPTICO INFORMATIVO SOBRE LA DECA<\/a><\/p>\n\n\n<p><\/p>\n","protected":false},"excerpt":{"rendered":"<p>Curso de la DECA Para la Docencia de Religi\u00f3n Cat\u00f3lica en Educaci\u00f3n Infantil y Primaria Periodo de Matriculaci\u00f3n: Est\u00e1 abierto durante todo el curso de forma permanente La metodolog\u00eda de estudio es a distancia Para conocer m\u00e1s: INFORMACI\u00d3N GENERAL CURSO DE LA DECA D\u00cdPTICO INFORMATIVO SOBRE LA DECA El Centro\u2026<\/p>\n<p class=\"continue-reading-button\"> <a class=\"continue-reading-link\" href=\"https:\/\/cformacion.diocesisdesantander.com\/?page_id=27\">Seguir leyendo<i class=\"crycon-right-dir\"><\/i><\/a><\/p>\n","protected":false},"author":1,"featured_media":0,"parent":0,"menu_order":0,"comment_status":"closed","ping_status":"closed","template":"","meta":{"footnotes":""},"_links":{"self":[{"href":"https:\/\/cformacion.diocesisdesantander.com\/index.php?rest_route=\/wp\/v2\/pages\/27"}],"collection":[{"href":"https:\/\/cformacion.diocesisdesantander.com\/index.php?rest_route=\/wp\/v2\/pages"}],"about":[{"href":"https:\/\/cformacion.diocesisdesantander.com\/index.php?rest_route=\/wp\/v2\/types\/page"}],"author":[{"embeddable":true,"href":"https:\/\/cformacion.diocesisdesantander.com\/index.php?rest_route=\/wp\/v2\/users\/1"}],"replies":[{"embeddable":true,"href":"https:\/\/cformacion.diocesisdesantander.com\/index.php?rest_route=%2Fwp%2Fv2%2Fcomments&post=27"}],"version-history":[{"count":97,"href":"https:\/\/cformacion.diocesisdesantander.com\/index.php?rest_route=\/wp\/v2\/pages\/27\/revisions"}],"predecessor-version":[{"id":4699,"href":"https:\/\/cformacion.diocesisdesantander.com\/index.php?rest_route=\/wp\/v2\/pages\/27\/revisions\/4699"}],"wp:attachment":[{"href":"https:\/\/cformacion.diocesisdesantander.com\/index.php?rest_route=%2Fwp%2Fv2%2Fmedia&parent=27"}],"curies":[{"name":"wp","href":"https:\/\/api.w.org\/{rel}","templated":true}]}}