{"id":2479,"date":"2017-05-03T07:47:38","date_gmt":"2017-05-03T07:47:38","guid":{"rendered":"http:\/\/cformacion.diocesisdesantander.com\/?page_id=2479"},"modified":"2022-05-26T17:48:11","modified_gmt":"2022-05-26T17:48:11","slug":"espiritualidad-9","status":"publish","type":"page","link":"https:\/\/cformacion.diocesisdesantander.com\/?page_id=2479","title":{"rendered":"Espiritualidad"},"content":{"rendered":"<h3 style=\"text-align: center;\"><span style=\"color: #ff0000;\"><strong>CENTRO DIOCESANO DE ESPIRITUALIDAD<\/strong><\/span><\/h3>\n<h2 style=\"text-align: center;\"><span style=\"color: #ff0000;\"><strong>Espacio Sicar<\/strong><\/span><\/h2>\n<h6 style=\"text-align: center;\"><strong><a href=\"https:\/\/espaciosicar.wordpress.com\/\" target=\"_blank\" rel=\"noopener noreferrer\">https:\/\/espaciosicar.wordpress.com\/<\/a><\/strong><\/h6>\n<h6 style=\"text-align: center;\"><strong>Casa de la Iglesia. C\/ Florida 3 (Santander)<\/strong><\/h6>\n<h5><strong>\u2013\u00a0 Est\u00e1 integrado en el Centro Diocesano de Formaci\u00f3n Teol\u00f3gica y Pastoral, y lo dinamiza la Delegaci\u00f3n de Liturgia y Espiritualidad.<br \/>\n<\/strong><\/h5>\n<h5><strong>\u2013 Ofrece unos medios para la vivencia, crecimiento y formaci\u00f3n en la vida espiritual. <\/strong><\/h5>\n<h5><strong>\u2013 Cada a\u00f1o se proponen distintos encuentros, recursos, medios y un espacio de acogida, escucha y acompa\u00f1amiento personal<\/strong><\/h5>\n<h5 style=\"text-align: center;\"><strong>* <\/strong><strong><em><u>Espacio Sicar:<\/u><\/em><\/strong><strong>\u00a0\u00a0 Es un lugar de<\/strong><\/h5>\n<h5 style=\"text-align: center;\"><strong>ACOGIDA Y ENCUENTRO<\/strong><\/h5>\n<h5 style=\"text-align: center;\"><strong>DI\u00c1LOGO Y ORACI\u00d3N<\/strong><\/h5>\n<h5 style=\"text-align: center;\"><strong>VIDA Y PERD\u00d3N<\/strong><\/h5>\n<h5><strong>\u00a0* <\/strong><strong><em><u>Espacio Sicar:<\/u><\/em><\/strong><strong>\u00a0\u00a0 Ofrece la presencia de personas con las que te puedes encontrar para dialogar, consultar, recibir ayuda y acompa\u00f1amiento.<\/strong><\/h5>\n<h5><strong>\u00a0* <\/strong><strong><em><u>Espacio Sicar:\u00a0<\/u><\/em><\/strong><strong>\u00a0\u00a0 Propone actividades grupales para reflexionar, orar juntos, compartir experiencia de fe.<\/strong><\/h5>\n<p><strong><em>\u201cJunto al pozo de Sicar una mujer, Samaritana, encontr\u00f3 la vida y el perd\u00f3n ahondando en su propia verdad, guiada por la palabra del Maestro, Cristo Jes\u00fas.<\/em><\/strong><\/p>\n<h5><strong><em>\u00a0\u00a1Cu\u00e1ntas personas est\u00e1n en b\u00fasqueda de un lugar donde ser acogidas y escuchadas en profundidad, para o\u00edr una palabra liberadora!<\/em><\/strong><\/h5>\n<h5><strong><em>En el fondo del coraz\u00f3n est\u00e1 ese espacio interior, escondido, en donde Dios reside, en donde el Esp\u00edritu nos habita\u201d<\/em><\/strong><\/h5>\n","protected":false},"excerpt":{"rendered":"<p>CENTRO DIOCESANO DE ESPIRITUALIDAD Espacio Sicar https:\/\/espaciosicar.wordpress.com\/ Casa de la Iglesia. C\/ Florida 3 (Santander) \u2013\u00a0 Est\u00e1 integrado en el Centro Diocesano de Formaci\u00f3n Teol\u00f3gica y Pastoral, y lo dinamiza la Delegaci\u00f3n de Liturgia y Espiritualidad. \u2013 Ofrece unos medios para la vivencia, crecimiento y formaci\u00f3n en la vida espiritual.\u2026<\/p>\n<p class=\"continue-reading-button\"> <a class=\"continue-reading-link\" href=\"https:\/\/cformacion.diocesisdesantander.com\/?page_id=2479\">Seguir leyendo<i class=\"crycon-right-dir\"><\/i><\/a><\/p>\n","protected":false},"author":1,"featured_media":0,"parent":0,"menu_order":0,"comment_status":"closed","ping_status":"closed","template":"","meta":{"footnotes":""},"_links":{"self":[{"href":"https:\/\/cformacion.diocesisdesantander.com\/index.php?rest_route=\/wp\/v2\/pages\/2479"}],"collection":[{"href":"https:\/\/cformacion.diocesisdesantander.com\/index.php?rest_route=\/wp\/v2\/pages"}],"about":[{"href":"https:\/\/cformacion.diocesisdesantander.com\/index.php?rest_route=\/wp\/v2\/types\/page"}],"author":[{"embeddable":true,"href":"https:\/\/cformacion.diocesisdesantander.com\/index.php?rest_route=\/wp\/v2\/users\/1"}],"replies":[{"embeddable":true,"href":"https:\/\/cformacion.diocesisdesantander.com\/index.php?rest_route=%2Fwp%2Fv2%2Fcomments&post=2479"}],"version-history":[{"count":4,"href":"https:\/\/cformacion.diocesisdesantander.com\/index.php?rest_route=\/wp\/v2\/pages\/2479\/revisions"}],"predecessor-version":[{"id":4305,"href":"https:\/\/cformacion.diocesisdesantander.com\/index.php?rest_route=\/wp\/v2\/pages\/2479\/revisions\/4305"}],"wp:attachment":[{"href":"https:\/\/cformacion.diocesisdesantander.com\/index.php?rest_route=%2Fwp%2Fv2%2Fmedia&parent=2479"}],"curies":[{"name":"wp","href":"https:\/\/api.w.org\/{rel}","templated":true}]}}