{"id":2468,"date":"2017-05-02T17:40:13","date_gmt":"2017-05-02T17:40:13","guid":{"rendered":"http:\/\/cformacion.diocesisdesantander.com\/?page_id=2468"},"modified":"2023-07-20T09:29:21","modified_gmt":"2023-07-20T09:29:21","slug":"estudios","status":"publish","type":"page","link":"https:\/\/cformacion.diocesisdesantander.com\/?page_id=2468","title":{"rendered":"Estudios"},"content":{"rendered":"<table width=\"1009\">\n<tbody>\n<tr>\n<td width=\"177\"><\/td>\n<td width=\"832\"><strong>\u00a0CENTRO DIOCESANO DE FORMACI\u00d3N TEOL\u00d3GICA Y PASTORAL<\/strong><\/p>\n<h5><span style=\"color: #ff0000;\"><strong><em>\u201cPLANES DE FORMACI\u00d3N\u201d<\/em><\/strong><\/span><\/h5>\n<h5><span style=\"color: #ff0000;\"><strong><u>Di\u00f3cesis de Santander<\/u><\/strong><\/span><\/h5>\n<p><strong>\u00a0<\/strong><i>\u201cEl anuncio del Evangelio no est\u00e1 reservado a unos pocos, sino que debe ser el anhelo profundo de todos los fieles laicos, que en virtud del bautismo est\u00e1n llamados tanto a la animaci\u00f3n cristiana de las realidades temporales, como a las obras de evangelizaci\u00f3n expl\u00edcita, de anuncio y de santificaci\u00f3n de los hombres\u2026 Para realizar esta tarea es importante formarse adecuadamente\u201d<\/i><b>\u00a0 Papa Francisco <\/b><\/p>\n<p><a href=\"http:\/\/cformacion.diocesisdesantander.com\/wp-content\/uploads\/2021\/07\/DIPTICO-INFORMACI\u00d3N-GENERAL-CENTRO-DIOCESANO-DE-FORMACI\u00d3N-TEOL\u00d3GICA-Y-PASTORAL-1.pdf\" target=\"_blank\" rel=\"noopener\">D\u00cdPTICO CENTRO DIOCESANO<\/a><\/td>\n<\/tr>\n<\/tbody>\n<\/table>\n<table width=\"1011\">\n<tbody>\n<tr>\n<td width=\"1011\"><span style=\"color: #ff0000;\"><strong>BACHILLERATO \/ GRADO EN CIENCIAS RELIGIOSAS:<\/strong><\/span><\/p>\n<p><em>* Favorece la profundizaci\u00f3n personal en la vivencia de la fe. <\/em><\/p>\n<p><em>* Ofrece la oportunidad de adquirir una formaci\u00f3n espec\u00edfica y cualificada para el <\/em><em>desempe\u00f1o<\/em><em> de tareas <\/em><em>y responsabilidades en la misi\u00f3n pastoral de la Iglesia<\/em><em>.<\/em><\/p>\n<p><strong><em>*<\/em> <em>Matriculaci\u00f3n: <u>El per\u00edodo de matr\u00edcula est\u00e1 abierto siempre<\/u><\/em><\/strong><\/p>\n<p><strong>Para conocer m\u00e1s:<\/strong><\/p>\n<p><a href=\"http:\/\/cformacion.diocesisdesantander.com\/wp-content\/uploads\/2023\/07\/Informacion-Bachillerato-en-Ciencias-Religiosas-Curso-2023-24-Extension-de-Santander-del-ISCCRR-San-Damaso.pdf\" target=\"_blank\" rel=\"noopener\">INFORMACI\u00d3N GENERAL BACHILLERATO \/ GRADO CIENCIAS RELIGIOSAS<\/a><\/p>\n<p><strong><em>&gt; <u>La metodolog\u00eda de estudio es a distancia<\/u> &lt;<\/em><\/strong><\/td>\n<\/tr>\n<tr>\n<td width=\"1011\">\n<h5><span style=\"color: #ff0000;\"><strong>Cursos para la obtenci\u00f3n de la DECLARACI\u00d3N ECLESI\u00c1STICA DE IDONEIDAD (DECA) para impartir Religi\u00f3n en:<\/strong><\/span><\/h5>\n<\/td>\n<\/tr>\n<tr>\n<td width=\"1011\"><em>\u00a0\u00a0 <\/em><em>*<\/em> <em>Educaci\u00f3n Infantil y Primaria.<\/em><\/p>\n<p><strong>Para conocer m\u00e1s:<\/strong><\/p>\n<p><a href=\"http:\/\/cformacion.diocesisdesantander.com\/wp-content\/uploads\/2021\/07\/INFORMACI\u00d3N-Curso-DECA-Para-la-Docencia-de-RELIGI\u00d3N-en-Educaci\u00f3n-Infantil-y-Primaria-Instituto-de-Teolog\u00eda-de-Santander-2.pdf\" target=\"_blank\" rel=\"noopener noreferrer\">INFORMACI\u00d3N GENERAL CURSO DE LA DECA<\/a> (Infantil y Primaria)<\/p>\n<p><em>\u00a0\u00a0 * Educaci\u00f3n Secundaria Obligatoria, Bachillerato y FP. <\/em><\/p>\n<p><strong>Para conocer m\u00e1s:<\/strong><\/p>\n<p><a href=\"http:\/\/cformacion.diocesisdesantander.com\/wp-content\/uploads\/2023\/07\/INFORMACION-Curso-DECA-Para-la-Docencia-de-Religion-en-Educacon-Secundaria-Obligatoria-y-Bachillerato.pdf\" target=\"_blank\" rel=\"noopener\">INFORMACI\u00d3N GENERAL \u2013 DECA SECUNDARIA<\/a><\/p>\n<p><strong><em>*<\/em><\/strong> <strong><em>Matriculaci\u00f3n: <u>El per\u00edodo de matr\u00edcula est\u00e1 abierto siempre<\/u><\/em><\/strong><\/p>\n<p><a href=\"http:\/\/cformacion.diocesisdesantander.com\/wp-content\/uploads\/2021\/07\/DIPTICO-DECA-Para-la-Docencia-de-RELIGI\u00d3N-CAT\u00d3LICA-CENTRO-DIOCESANO-DE-FORMACI\u00d3N-TEOL\u00d3GICA-Y-PASTORAL-1.pdf\" target=\"_blank\" rel=\"noopener\">D\u00cdPTICO DECA<\/a><\/p>\n<p><strong><em><u>La metodolog\u00eda de estudio es a distancia<\/u> &lt;<\/em><\/strong><\/p>\n<p><span style=\"color: #ff0000;\"><strong>CENTRO ASOCIADO DE SANTANDER &#8211; <\/strong><strong>INSTITUTO INTERNACIONAL DE TEOLOG\u00cdA A DISTANCIA<\/strong><\/span><\/p>\n<p class=\"pb-3 mb-4 font-italic border-bottom\"><strong>* Formaci\u00f3n Sistem\u00e1tica<\/strong><\/p>\n<p><strong>1. Tronco Com\u00fan<\/strong><\/p>\n<p><a href=\"http:\/\/www.iitdistancia.org\/Areas\/Admin\/Content\/documentscontenidos\/14062019132708_RevelacionFe.pdf\" target=\"_blank\" rel=\"noopener\"><strong>Revelaci\u00f3n y Fe \u2013 Mensaje Cristiano I<\/strong><\/a><br \/>\n<a href=\"http:\/\/www.iitdistancia.org\/Areas\/Admin\/Content\/documentscontenidos\/14062019133923_BibliaJesucristo.pdf\" target=\"_blank\" rel=\"noopener\"><strong>Biblia y Jesucristo \u2013 Mensaje Cristiano II<\/strong><\/a><br \/>\n<a href=\"http:\/\/www.iitdistancia.org\/Areas\/Admin\/Content\/documentscontenidos\/14062019133923_BibliaJesucristo.pdf\" target=\"_blank\" rel=\"noopener\"><strong>Iglesia y Sacramentos \u2013 Mensaje Cristiano III<\/strong><\/a><br \/>\n<a href=\"http:\/\/www.iitdistancia.org\/Areas\/Admin\/Content\/documentscontenidos\/14062019134850_MoralCristiana.pdf\" target=\"_blank\" rel=\"noopener\"><strong>Moral cristiana \u2013 Mensaje Cristiano IV<\/strong><\/a><\/p>\n<p><strong>2. Especialidades<\/strong><\/p>\n<ul>\n<li><strong>Antropolog\u00eda<\/strong><\/li>\n<li><strong>Liturgia<\/strong><\/li>\n<li><strong>Misionolog\u00eda<\/strong><\/li>\n<li><strong>Pastoral catequ\u00e9tica<\/strong><\/li>\n<li><strong>Vida Consagrada<\/strong><\/li>\n<\/ul>\n<\/td>\n<\/tr>\n<tr>\n<td width=\"1011\">\n<h5><span style=\"color: #ff0000;\"><strong>CENTRO DIOCESANO DE ESPIRITUALIDAD \u2013 Espacio SICAR<\/strong><\/span><\/h5>\n<\/td>\n<\/tr>\n<tr>\n<td width=\"1011\"><em>\u00a0<\/em><em>* Est\u00e1 integrado en el Centro Diocesano de Formaci\u00f3n Teol\u00f3gica y Pastoral, y lo dinamiza la Delegaci\u00f3n de Liturgia y Espiritualidad.<\/em><em>* Ofrece unos medios para la vivencia, crecimiento y formaci\u00f3n en la vida espiritual. <\/em><\/p>\n<p><em>* Cada a\u00f1o se proponen distintos encuentros, recursos, medios y un espacio de acogida, escucha y\u00a0 <\/em><em>acompa\u00f1amiento<\/em><em> personal.<\/em><\/td>\n<\/tr>\n<tr>\n<td width=\"1011\">\n<h5><span style=\"color: #ff0000;\"><strong>ESCUELA DIOCESANA DE FORMACI\u00d3N EN LA DOCTRINA SOCIAL DE LA IGLESIA<\/strong><\/span><\/h5>\n<p>Animada de manera conjunta por el <em>Centro Diocesano de Formaci\u00f3n Teol\u00f3gica y Pastoral<\/em>, por la <em>Delegaci\u00f3n de Apostolado Seglar<\/em> y por el <em>Secretariado de la Pastoral del Trabajo<\/em><\/td>\n<\/tr>\n<tr>\n<td width=\"1011\"><em>* A trav\u00e9s del Curso \u201cLa Doctrina Social de la Iglesia: Un humanismo integral y solidario\u201d, deseamos compartir contigo el rico patrimonio de ense\u00f1anza que la Doctrina Social de la Iglesia nos ofrece como respuesta a los desaf\u00edos de nuestra realidad humana y social. <\/em><\/td>\n<\/tr>\n<\/tbody>\n<\/table>\n<table width=\"1009\">\n<tbody>\n<tr>\n<td width=\"1009\"><strong>\u00a0<a href=\"http:\/\/www.cformacion.diocesisdesantander.com\">www.cformacion.diocesisdesantander.com<\/a><\/strong>En nuestra p\u00e1gina web puedes encontrar AMPLIADA toda la informaci\u00f3n<\/p>\n<p>\u00a1\u00a1\u00a1 <strong>ATR\u00c9VETE A DESCUBRIRLA <\/strong>!!!<\/p>\n<p>Nos encontramos en\u00a0c\/Florida 3, 2\u00ba (Casa de la Iglesia), Santander.<\/p>\n<p>Tfno.: 942 23 74 67 Email: <a href=\"mailto:CDFTP.santander@gmail.com\">CDFTP.santander@gmail.com<\/a><\/p>\n<p><strong><em>\u00abDeseamos apoyar la profundizaci\u00f3n de tu fe, tu Amor a la Iglesia, tu compromiso con la transformaci\u00f3n de tu medio seg\u00fan los valores del Evangelio, tu acci\u00f3n pastoral, tu vivencia comunitaria\u201d<\/em><\/strong><\/td>\n<\/tr>\n<\/tbody>\n<\/table>\n","protected":false},"excerpt":{"rendered":"<p>\u00a0CENTRO DIOCESANO DE FORMACI\u00d3N TEOL\u00d3GICA Y PASTORAL \u201cPLANES DE FORMACI\u00d3N\u201d Di\u00f3cesis de Santander \u00a0\u201cEl anuncio del Evangelio no est\u00e1 reservado a unos pocos, sino que debe ser el anhelo profundo de todos los fieles laicos, que en virtud del bautismo est\u00e1n llamados tanto a la animaci\u00f3n cristiana de las realidades\u2026<\/p>\n<p class=\"continue-reading-button\"> <a class=\"continue-reading-link\" href=\"https:\/\/cformacion.diocesisdesantander.com\/?page_id=2468\">Seguir leyendo<i class=\"crycon-right-dir\"><\/i><\/a><\/p>\n","protected":false},"author":1,"featured_media":0,"parent":0,"menu_order":0,"comment_status":"closed","ping_status":"closed","template":"","meta":{"footnotes":""},"_links":{"self":[{"href":"https:\/\/cformacion.diocesisdesantander.com\/index.php?rest_route=\/wp\/v2\/pages\/2468"}],"collection":[{"href":"https:\/\/cformacion.diocesisdesantander.com\/index.php?rest_route=\/wp\/v2\/pages"}],"about":[{"href":"https:\/\/cformacion.diocesisdesantander.com\/index.php?rest_route=\/wp\/v2\/types\/page"}],"author":[{"embeddable":true,"href":"https:\/\/cformacion.diocesisdesantander.com\/index.php?rest_route=\/wp\/v2\/users\/1"}],"replies":[{"embeddable":true,"href":"https:\/\/cformacion.diocesisdesantander.com\/index.php?rest_route=%2Fwp%2Fv2%2Fcomments&post=2468"}],"version-history":[{"count":30,"href":"https:\/\/cformacion.diocesisdesantander.com\/index.php?rest_route=\/wp\/v2\/pages\/2468\/revisions"}],"predecessor-version":[{"id":4406,"href":"https:\/\/cformacion.diocesisdesantander.com\/index.php?rest_route=\/wp\/v2\/pages\/2468\/revisions\/4406"}],"wp:attachment":[{"href":"https:\/\/cformacion.diocesisdesantander.com\/index.php?rest_route=%2Fwp%2Fv2%2Fmedia&parent=2468"}],"curies":[{"name":"wp","href":"https:\/\/api.w.org\/{rel}","templated":true}]}}