{"id":17,"date":"2014-07-17T09:33:53","date_gmt":"2014-07-17T09:33:53","guid":{"rendered":"http:\/\/cformacion.diocesisdesantander.com\/?page_id=17"},"modified":"2025-08-28T10:27:38","modified_gmt":"2025-08-28T10:27:38","slug":"secretaria","status":"publish","type":"page","link":"https:\/\/cformacion.diocesisdesantander.com\/?page_id=17","title":{"rendered":"Secretar\u00eda"},"content":{"rendered":"<h4><\/h4>\n<h4><strong><u>C\u00f3mo matricularse<\/u><br \/>\n<\/strong><\/h4>\n<h5><a href=\"http:\/\/cformacion.diocesisdesantander.com\/wp-content\/uploads\/2025\/08\/TASAS-CURSO-2025-26-para-el-ALUMNO.pdf\" target=\"_blank\" rel=\"noopener\">\u00a0<strong>TASAS CURSO 2025-26<\/strong><\/a><\/h5>\n<h5><strong><u>Plazo de Matriculaci\u00f3n permanente<\/u><\/strong><\/h5>\n<ul>\n<li>\n<h5><strong>El per\u00edodo de matr\u00edcula est\u00e1 abierto siempre<\/strong><\/h5>\n<\/li>\n<\/ul>\n<h5><strong><u>Modalidades para realizar la Matr\u00edcula:<\/u><\/strong><\/h5>\n<h5><strong><em>A) Se puede realizar la matr\u00edcula en persona en nuestro Centro. <\/em><\/strong><strong><em>Para ello es imprescindible solicitar Cita Previa<\/em><\/strong><strong><em> por tel\u00e9fono en el 942 237 467 o 682 845 588; tambi\u00e9n por correo electr\u00f3nico en el email de nuestra Secretar\u00eda: <\/em><\/strong><strong>pilar_iitds@hotmail.com<\/strong><\/h5>\n<h5><strong>\u00a0<\/strong><strong><em>B) Tambi\u00e9n, se puede formalizar la matr\u00edcula a distancia:<\/em><\/strong><\/h5>\n<h5><strong><em>En este caso, ponte, tambi\u00e9n, en contacto con nosotros por tel\u00e9fono en el 942 237 467 o 682 845 588; tambi\u00e9n por correo electr\u00f3nico en el email de nuestra Secretar\u00eda: <\/em><\/strong><strong>pilar_iitds@hotmail.com<\/strong><\/h5>\n<h5><a href=\"http:\/\/cformacion.diocesisdesantander.com\/wp-content\/uploads\/2023\/12\/TASAS-CURSO-2023-24-para-el-ALUMNO.pdf\" target=\"_blank\" rel=\"noopener\"><strong>TASAS CUSO 2025-26<\/strong><\/a><\/h5>\n","protected":false},"excerpt":{"rendered":"<p>C\u00f3mo matricularse \u00a0TASAS CURSO 2025-26 Plazo de Matriculaci\u00f3n permanente El per\u00edodo de matr\u00edcula est\u00e1 abierto siempre Modalidades para realizar la Matr\u00edcula: A) Se puede realizar la matr\u00edcula en persona en nuestro Centro. Para ello es imprescindible solicitar Cita Previa por tel\u00e9fono en el 942 237 467 o 682 845 588;\u2026<\/p>\n<p class=\"continue-reading-button\"> <a class=\"continue-reading-link\" href=\"https:\/\/cformacion.diocesisdesantander.com\/?page_id=17\">Seguir leyendo<i class=\"crycon-right-dir\"><\/i><\/a><\/p>\n","protected":false},"author":1,"featured_media":0,"parent":0,"menu_order":0,"comment_status":"closed","ping_status":"closed","template":"","meta":{"footnotes":""},"_links":{"self":[{"href":"https:\/\/cformacion.diocesisdesantander.com\/index.php?rest_route=\/wp\/v2\/pages\/17"}],"collection":[{"href":"https:\/\/cformacion.diocesisdesantander.com\/index.php?rest_route=\/wp\/v2\/pages"}],"about":[{"href":"https:\/\/cformacion.diocesisdesantander.com\/index.php?rest_route=\/wp\/v2\/types\/page"}],"author":[{"embeddable":true,"href":"https:\/\/cformacion.diocesisdesantander.com\/index.php?rest_route=\/wp\/v2\/users\/1"}],"replies":[{"embeddable":true,"href":"https:\/\/cformacion.diocesisdesantander.com\/index.php?rest_route=%2Fwp%2Fv2%2Fcomments&post=17"}],"version-history":[{"count":18,"href":"https:\/\/cformacion.diocesisdesantander.com\/index.php?rest_route=\/wp\/v2\/pages\/17\/revisions"}],"predecessor-version":[{"id":4685,"href":"https:\/\/cformacion.diocesisdesantander.com\/index.php?rest_route=\/wp\/v2\/pages\/17\/revisions\/4685"}],"wp:attachment":[{"href":"https:\/\/cformacion.diocesisdesantander.com\/index.php?rest_route=%2Fwp%2Fv2%2Fmedia&parent=17"}],"curies":[{"name":"wp","href":"https:\/\/api.w.org\/{rel}","templated":true}]}}