{"id":1697,"date":"2016-11-29T08:59:59","date_gmt":"2016-11-29T08:59:59","guid":{"rendered":"http:\/\/cformacion.diocesisdesantander.com\/?page_id=1697"},"modified":"2016-12-01T18:28:15","modified_gmt":"2016-12-01T18:28:15","slug":"presentacion","status":"publish","type":"page","link":"https:\/\/cformacion.diocesisdesantander.com\/?page_id=1697","title":{"rendered":"Presentaci\u00f3n"},"content":{"rendered":"<h3 style=\"text-align: center;\"><span style=\"color: #ff0000;\"><strong>CENTRO DIOCESANO DE ESPIRITUALIDAD<\/strong><\/span><\/h3>\n<h1 style=\"text-align: center;\"><span style=\"color: #ff0000;\"><strong>Espacio Sicar<\/strong><\/span><\/h1>\n<h6 style=\"text-align: center;\"><strong><a href=\"https:\/\/espaciosicar.wordpress.com\/\" target=\"_blank\">https:\/\/espaciosicar.wordpress.com\/<\/a><\/strong><\/h6>\n<h6 style=\"text-align: center;\"><strong>Casa de la Iglesia. C\/ Florida 3 (Santander)<\/strong><\/h6>\n<h5><strong>&#8211;\u00a0 Est\u00e1 integrado en el Centro Diocesano de Formaci\u00f3n Teol\u00f3gica y Pastoral, y lo dinamiza la Delegaci\u00f3n de Liturgia y Espiritualidad.<br \/>\n<\/strong><\/h5>\n<h5><strong>&#8211; Ofrece unos medios para la vivencia, crecimiento y formaci\u00f3n en la vida espiritual. <\/strong><\/h5>\n<h5><strong>&#8211; Cada a\u00f1o se proponen distintos encuentros, recursos, medios y un espacio de acogida, escucha y acompa\u00f1amiento personal<\/strong><\/h5>\n<h5><strong>* <\/strong><span style=\"color: #ff0000;\"><strong><em><u>Espacio Sicar:<\/u><\/em><\/strong><\/span><strong>\u00a0\u00a0 Es un lugar de<\/strong><\/h5>\n<h5 style=\"text-align: center;\"><strong>ACOGIDA Y ENCUENTRO<\/strong><\/h5>\n<h5 style=\"text-align: center;\"><strong>DI\u00c1LOGO Y ORACI\u00d3N<\/strong><\/h5>\n<h5 style=\"text-align: center;\"><strong>VIDA Y PERD\u00d3N<\/strong><\/h5>\n<h5><strong>\u00a0* <\/strong><span style=\"color: #ff0000;\"><strong><em><u>Espacio Sicar:<\/u><\/em><\/strong><\/span><strong>\u00a0\u00a0 Ofrece la presencia de personas con las que te puedes encontrar para dialogar, consultar, recibir ayuda y acompa\u00f1amiento.<\/strong><\/h5>\n<h5><strong>\u00a0* <\/strong><span style=\"color: #ff0000;\"><strong><em><u>Espacio Sicar:\u00a0<\/u><\/em><\/strong><\/span><strong>\u00a0\u00a0 Propone actividades grupales para reflexionar, orar juntos, compartir experiencia de fe.<\/strong><\/h5>\n<p style=\"text-align: center;\"><img loading=\"lazy\" decoding=\"async\" class=\"aligncenter size-medium wp-image-788\" src=\"http:\/\/cformacion.diocesisdesantander.com\/wp-content\/uploads\/2016\/01\/samaritana5-300x285.jpg\" alt=\"samaritana5\" width=\"300\" height=\"285\" srcset=\"https:\/\/cformacion.diocesisdesantander.com\/wp-content\/uploads\/2016\/01\/samaritana5-300x285.jpg 300w, https:\/\/cformacion.diocesisdesantander.com\/wp-content\/uploads\/2016\/01\/samaritana5-158x150.jpg 158w, https:\/\/cformacion.diocesisdesantander.com\/wp-content\/uploads\/2016\/01\/samaritana5-150x143.jpg 150w, https:\/\/cformacion.diocesisdesantander.com\/wp-content\/uploads\/2016\/01\/samaritana5.jpg 430w\" sizes=\"(max-width: 300px) 100vw, 300px\" \/><\/p>\n<h5 style=\"text-align: center;\"><span style=\"color: #993300;\"><strong><em>\u00abJunto al pozo de Sicar una mujer, Samaritana, encontr\u00f3 la vida y el perd\u00f3n ahondando en su propia verdad, guiada por la palabra del Maestro, Cristo Jes\u00fas.<\/em><\/strong><\/span><\/h5>\n<h5 style=\"text-align: center;\"><span style=\"color: #993300;\"><strong><em>\u00a0\u00a1Cu\u00e1ntas personas est\u00e1n en b\u00fasqueda de un lugar donde ser acogidas y escuchadas en profundidad, para o\u00edr una palabra liberadora!<\/em><\/strong><\/span><\/h5>\n<h5 style=\"text-align: center;\"><span style=\"color: #993300;\"><strong><em>En el fondo del coraz\u00f3n est\u00e1 ese espacio interior, escondido, en donde Dios reside, en donde el Esp\u00edritu nos habita\u00bb<\/em><\/strong><\/span><\/h5>\n","protected":false},"excerpt":{"rendered":"<p>CENTRO DIOCESANO DE ESPIRITUALIDAD Espacio Sicar https:\/\/espaciosicar.wordpress.com\/ Casa de la Iglesia. C\/ Florida 3 (Santander) &#8211;\u00a0 Est\u00e1 integrado en el Centro Diocesano de Formaci\u00f3n Teol\u00f3gica y Pastoral, y lo dinamiza la Delegaci\u00f3n de Liturgia y Espiritualidad. &#8211; Ofrece unos medios para la vivencia, crecimiento y formaci\u00f3n en la vida espiritual.\u2026<\/p>\n<p class=\"continue-reading-button\"> <a class=\"continue-reading-link\" href=\"https:\/\/cformacion.diocesisdesantander.com\/?page_id=1697\">Seguir leyendo<i class=\"crycon-right-dir\"><\/i><\/a><\/p>\n","protected":false},"author":1,"featured_media":0,"parent":0,"menu_order":0,"comment_status":"closed","ping_status":"closed","template":"","meta":{"footnotes":""},"_links":{"self":[{"href":"https:\/\/cformacion.diocesisdesantander.com\/index.php?rest_route=\/wp\/v2\/pages\/1697"}],"collection":[{"href":"https:\/\/cformacion.diocesisdesantander.com\/index.php?rest_route=\/wp\/v2\/pages"}],"about":[{"href":"https:\/\/cformacion.diocesisdesantander.com\/index.php?rest_route=\/wp\/v2\/types\/page"}],"author":[{"embeddable":true,"href":"https:\/\/cformacion.diocesisdesantander.com\/index.php?rest_route=\/wp\/v2\/users\/1"}],"replies":[{"embeddable":true,"href":"https:\/\/cformacion.diocesisdesantander.com\/index.php?rest_route=%2Fwp%2Fv2%2Fcomments&post=1697"}],"version-history":[{"count":10,"href":"https:\/\/cformacion.diocesisdesantander.com\/index.php?rest_route=\/wp\/v2\/pages\/1697\/revisions"}],"predecessor-version":[{"id":1781,"href":"https:\/\/cformacion.diocesisdesantander.com\/index.php?rest_route=\/wp\/v2\/pages\/1697\/revisions\/1781"}],"wp:attachment":[{"href":"https:\/\/cformacion.diocesisdesantander.com\/index.php?rest_route=%2Fwp%2Fv2%2Fmedia&parent=1697"}],"curies":[{"name":"wp","href":"https:\/\/api.w.org\/{rel}","templated":true}]}}