{"id":1684,"date":"2016-11-28T18:37:16","date_gmt":"2016-11-28T18:37:16","guid":{"rendered":"http:\/\/cformacion.diocesisdesantander.com\/?page_id=1684"},"modified":"2017-11-29T12:23:44","modified_gmt":"2017-11-29T12:23:44","slug":"formacion-de-guias-de-grupo","status":"publish","type":"page","link":"https:\/\/cformacion.diocesisdesantander.com\/?page_id=1684","title":{"rendered":"Ejercicios en la Vida Diaria"},"content":{"rendered":"<h5><span style=\"color: #0000ff;\"><strong>Si quieres te puedes incorporar a este curso en cualquier momento\u2026 ATR\u00c9VETE<\/strong><\/span><\/h5>\n<h4><span style=\"color: #ff0000;\"><strong>*Ejercicios en la Vida Diaria<u><br \/>\n<\/u><\/strong><\/span><\/h4>\n<h4>Para acompa\u00f1ar los Ejercicios en la Vida Diaria, seg\u00fan la oferta Ignaciana.<\/h4>\n<h4>Nos reunimos cada quince d\u00edas con el fin de trabajar juntos los materiales preparados para llevar a cabo esta experiencia.<\/h4>\n<h4>Aquellos que ya llevan un grupo comparten sus vivencias y contrastan su tarea.<\/h4>\n<h4><span style=\"color: #ff0000;\"><strong>* <u>Encuentro de grupo<\/u>:<\/strong><\/span> Los MARTES, cada quince d\u00edas.<\/h4>\n<h4><span style=\"color: #ff0000;\"><strong>* <u>Lugar<\/u>:<\/strong><\/span> Parroquia de la Anunciaci\u00f3n (Santander)<\/h4>\n<h4><span style=\"color: #ff0000;\"><strong>* <u>Hora<\/u>:<\/strong><\/span> 19.30h<\/h4>\n<p>&nbsp;<\/p>\n<p style=\"text-align: center;\"><img loading=\"lazy\" decoding=\"async\" class=\"aligncenter wp-image-1728\" src=\"http:\/\/cformacion.diocesisdesantander.com\/wp-content\/uploads\/2016\/11\/San-Ignacio-300x239.jpg\" alt=\"san-ignacio\" width=\"370\" height=\"294\" srcset=\"https:\/\/cformacion.diocesisdesantander.com\/wp-content\/uploads\/2016\/11\/San-Ignacio-300x239.jpg 300w, https:\/\/cformacion.diocesisdesantander.com\/wp-content\/uploads\/2016\/11\/San-Ignacio-188x150.jpg 188w, https:\/\/cformacion.diocesisdesantander.com\/wp-content\/uploads\/2016\/11\/San-Ignacio-150x120.jpg 150w, https:\/\/cformacion.diocesisdesantander.com\/wp-content\/uploads\/2016\/11\/San-Ignacio.jpg 580w\" sizes=\"(max-width: 370px) 100vw, 370px\" \/><\/p>\n","protected":false},"excerpt":{"rendered":"<p>Si quieres te puedes incorporar a este curso en cualquier momento\u2026 ATR\u00c9VETE *Ejercicios en la Vida Diaria Para acompa\u00f1ar los Ejercicios en la Vida Diaria, seg\u00fan la oferta Ignaciana. Nos reunimos cada quince d\u00edas con el fin de trabajar juntos los materiales preparados para llevar a cabo esta experiencia. Aquellos\u2026<\/p>\n<p class=\"continue-reading-button\"> <a class=\"continue-reading-link\" href=\"https:\/\/cformacion.diocesisdesantander.com\/?page_id=1684\">Seguir leyendo<i class=\"crycon-right-dir\"><\/i><\/a><\/p>\n","protected":false},"author":1,"featured_media":0,"parent":0,"menu_order":0,"comment_status":"closed","ping_status":"closed","template":"","meta":{"footnotes":""},"_links":{"self":[{"href":"https:\/\/cformacion.diocesisdesantander.com\/index.php?rest_route=\/wp\/v2\/pages\/1684"}],"collection":[{"href":"https:\/\/cformacion.diocesisdesantander.com\/index.php?rest_route=\/wp\/v2\/pages"}],"about":[{"href":"https:\/\/cformacion.diocesisdesantander.com\/index.php?rest_route=\/wp\/v2\/types\/page"}],"author":[{"embeddable":true,"href":"https:\/\/cformacion.diocesisdesantander.com\/index.php?rest_route=\/wp\/v2\/users\/1"}],"replies":[{"embeddable":true,"href":"https:\/\/cformacion.diocesisdesantander.com\/index.php?rest_route=%2Fwp%2Fv2%2Fcomments&post=1684"}],"version-history":[{"count":9,"href":"https:\/\/cformacion.diocesisdesantander.com\/index.php?rest_route=\/wp\/v2\/pages\/1684\/revisions"}],"predecessor-version":[{"id":3565,"href":"https:\/\/cformacion.diocesisdesantander.com\/index.php?rest_route=\/wp\/v2\/pages\/1684\/revisions\/3565"}],"wp:attachment":[{"href":"https:\/\/cformacion.diocesisdesantander.com\/index.php?rest_route=%2Fwp%2Fv2%2Fmedia&parent=1684"}],"curies":[{"name":"wp","href":"https:\/\/api.w.org\/{rel}","templated":true}]}}